{"id":171,"date":"2020-05-30T18:02:25","date_gmt":"2020-05-30T23:02:25","guid":{"rendered":"https:\/\/www.fundacionlazos.com\/website\/?page_id=171"},"modified":"2020-07-04T10:35:39","modified_gmt":"2020-07-04T15:35:39","slug":"documentos","status":"publish","type":"page","link":"https:\/\/www.fundacionlazos.com\/website\/documentos\/","title":{"rendered":"Documentos"},"content":{"rendered":"<div class=\"boldgrid-section\">\n<div class=\"container\">\n<div class=\"row\">\n<div class=\"col-md-12 col-xs-12 col-sm-12\">\n<p class=\"\">Haga click para descargar el documento de su inter\u00e9s:<\/p>\n<ul class=\"\">\n<li><a href=\"https:\/\/www.fundacionlazos.com\/website\/wp-content\/uploads\/2020\/07\/ACTA-ASAMBLEA-GENERAL-LAZOS-2020-399.pdf\" target=\"_blank\" rel=\"noopener noreferrer\">Acta Asamblea General Fundaci\u00f3n lazos 2020<\/a><\/li>\n<li><a href=\"https:\/\/www.fundacionlazos.com\/website\/wp-content\/uploads\/2020\/07\/EEFF-FUNDACION-LAZOS-DIC-2019.pdf\" target=\"_blank\" rel=\"noopener noreferrer\">EEFF Fundaci\u00f3n Lazos Dic 2019<\/a><\/li>\n<li><a href=\"https:\/\/www.fundacionlazos.com\/website\/wp-content\/uploads\/2020\/05\/ActaAsamblea.pdf\">Acta Asamblea Marzo 2018<\/a><\/li>\n<li>Asamblea Marzo Informe Director<\/li>\n<li>Certificado C\u00e1mara y Comercio<\/li>\n<li>Estatutos Constituci\u00f3n de la Fundaci\u00f3n Lazos<\/li>\n<li>EEFF<\/li>\n<\/ul>\n<\/div>\n<\/div>\n<\/div>\n<\/div>\n","protected":false},"excerpt":{"rendered":"<p>Haga click para descargar el documento de su inter\u00e9s: Acta Asamblea General Fundaci\u00f3n lazos 2020 EEFF Fundaci\u00f3n Lazos Dic 2019 [&hellip;]<\/p>\n","protected":false},"author":1,"featured_media":0,"parent":0,"menu_order":0,"comment_status":"closed","ping_status":"closed","template":"","meta":{"bgseo_title":"","bgseo_description":"","bgseo_robots_index":"index","bgseo_robots_follow":"follow","om_disable_all_campaigns":false,"footnotes":""},"_links":{"self":[{"href":"https:\/\/www.fundacionlazos.com\/website\/wp-json\/wp\/v2\/pages\/171"}],"collection":[{"href":"https:\/\/www.fundacionlazos.com\/website\/wp-json\/wp\/v2\/pages"}],"about":[{"href":"https:\/\/www.fundacionlazos.com\/website\/wp-json\/wp\/v2\/types\/page"}],"author":[{"embeddable":true,"href":"https:\/\/www.fundacionlazos.com\/website\/wp-json\/wp\/v2\/users\/1"}],"replies":[{"embeddable":true,"href":"https:\/\/www.fundacionlazos.com\/website\/wp-json\/wp\/v2\/comments?post=171"}],"version-history":[{"count":7,"href":"https:\/\/www.fundacionlazos.com\/website\/wp-json\/wp\/v2\/pages\/171\/revisions"}],"predecessor-version":[{"id":177,"href":"https:\/\/www.fundacionlazos.com\/website\/wp-json\/wp\/v2\/pages\/171\/revisions\/177"}],"wp:attachment":[{"href":"https:\/\/www.fundacionlazos.com\/website\/wp-json\/wp\/v2\/media?parent=171"}],"curies":[{"name":"wp","href":"https:\/\/api.w.org\/{rel}","templated":true}]}}