{"id":196,"date":"2020-06-02T15:13:37","date_gmt":"2020-06-02T20:13:37","guid":{"rendered":"https:\/\/www.fundacionlazos.com\/website\/?page_id=196"},"modified":"2025-09-18T11:00:57","modified_gmt":"2025-09-18T16:00:57","slug":"contacto","status":"publish","type":"page","link":"https:\/\/www.fundacionlazos.com\/website\/contacto\/","title":{"rendered":"Cont\u00e1ctanos"},"content":{"rendered":"<div class=\"boldgrid-section\">\n<div class=\"container\">\n<div class=\"row\">\n<div class=\"col-md-12 col-xs-12 col-sm-12 col-lg-12\">\n<div class=\"page-content\">\n<div class=\"vce-row-container\">\n<div class=\"vce-row vce-row--col-gap-30 vce-row-columns--top vce-row-content--top\" id=\"el-39a720b2\" data-vce-do-apply=\"all el-39a720b2\">\n<div class=\"vce-row-content\" data-vce-element-content=\"true\">\n<div class=\"vce-col vce-col--md-auto vce-col--xs-1 vce-col--xs-last vce-col--xs-first vce-col--sm-last vce-col--sm-first vce-col--md-last vce-col--lg-last vce-col--xl-last vce-col--md-first vce-col--lg-first vce-col--xl-first\" id=\"el-f89b6ae6\">\n<div class=\"vce-col-inner\" data-vce-do-apply=\"border margin background el-f89b6ae6\">\n<div class=\"vce-col-content\" data-vce-element-content=\"true\" data-vce-do-apply=\"padding el-f89b6ae6\">\n<div class=\"vce-text-block\">\n<div class=\"vce-text-block-wrapper vce\" id=\"el-4a222478\" data-vce-do-apply=\"all el-4a222478\">\n<div class=\"boldgrid-section\">\n<div class=\"container\">\n<div class=\"row\">\n<div class=\"col-md-12 col-sm-12 col-xs-12 col-lg-12\">\n<div>\n<p>&nbsp;<\/p>\n<h2 style=\"text-align: center;\">Cont\u00e1ctenos<\/h2>\n<p style=\"text-align: left;\">La <span style=\"color: #008000;\"><strong>Fundaci\u00f3n Lazos<\/strong><\/span> promueve la creaci\u00f3n de grupos de ayuda mutua en ciudades y poblaciones del pa\u00eds, brindando asesor\u00eda y acompa\u00f1amiento para la apertura de nuevos grupos; as\u00ed mismo, comparte el material que se utiliza para su funcionamiento, con base en la esencia y fundamentos de Lazos.<br \/>\nPara la creaci\u00f3n de grupos en otros pa\u00edses del mundo, tambi\u00e9n prestamos la asesor\u00eda y acompa\u00f1amiento.<\/p>\n<p style=\"text-align: left;\"><strong>Oficina en Bogot\u00e1:<\/strong><br \/>\nCarrera 56 B # 128-23 (Barrio Villas)<br \/>\nTel\u00e9fonos: (57) 601 271 2748 \u2013 (57) 322 766 8850<br \/>\nEmail: <em>info@fundaci\u00f3nlazos.com<\/em><br \/>\nEmail: <em>fundacionlazosbog@gmail.com<\/em><\/p>\n<p style=\"text-align: left;\"><strong>Horarios de atenci\u00f3n<\/strong>:<br \/>\nMartes y jueves: 1.30 pm a 5.30 pm<br \/>\nMi\u00e9rcoles y viernes: 9 am a 1 pm<\/p>\n<p style=\"text-align: left;\"><strong>Otros horarios:<\/strong><br \/>\nLunes a viernes: tel\u00e9fonos: (57) 322 766 8850 \u2013 (57) 310 860 9052<br \/>\nPara participar en un grupo de Lazos, en las diferentes sedes a nivel nacional, puede contactarse en:<\/p>\n<\/div>\n<\/div>\n<\/div>\n<\/div>\n<\/div>\n<\/div>\n<\/div>\n<\/div>\n<\/div>\n<\/div>\n<\/div>\n<\/div>\n<\/div>\n<\/div>\n<\/div>\n<\/div>\n<\/div>\n<\/div>\n<div class=\"\" style=\"text-align: center;\"><\/div>\n<div class=\"color-neutral-background-color color-neutral-text-contrast bg-background-color tmpl-testimonial-3 boldgrid-section dynamic-gridblock\">\n<div class=\"container\">\n<div class=\"row\" style=\"padding-top: 40px; padding-bottom: 0px;\">\n<div class=\"col-md-3 col-sm-6 col-xs-12 text-center col-lg-3\">\n<p class=\"mod-reset\"><img loading=\"lazy\" decoding=\"async\" class=\"bg-img bg-img-square aligncenter wp-image-376 \" src=\"https:\/\/www.fundacionlazos.com\/website\/wp-content\/uploads\/2020\/06\/46_0_183_183_Bogota-1.jpg\" alt=\"\" width=\"167\" height=\"167\" srcset=\"https:\/\/www.fundacionlazos.com\/website\/wp-content\/uploads\/2020\/06\/46_0_183_183_Bogota-1.jpg 183w, https:\/\/www.fundacionlazos.com\/website\/wp-content\/uploads\/2020\/06\/Bogota-1-150x150.jpg 150w, https:\/\/www.fundacionlazos.com\/website\/wp-content\/uploads\/2020\/06\/Bogota-1-48x48.jpg 48w\" sizes=\"(max-width: 167px) 100vw, 167px\" \/><\/p>\n<p class=\"h3\" style=\"text-transform: uppercase;\">Bogot\u00e1<\/p>\n<div class=\"row\">\n<div class=\"col-md-12 col-sm-12 col-xs-12 col-lg-12\">\n<div class=\"bg-box-1 color1-background-color color-1-text-contrast bg-background-color bg-box\" style=\"padding: 15px 10px; border-top: 10px solid; margin-bottom: 20px;\">\n<p class=\"color5-color\" style=\"font-style: italic; font-size: 0.9em; margin: 0px; font-weight: 600; text-align: center;\" data-font-weight=\"600\"><span style=\"color: #ffffff;\">SEDE LAS VILLAS<\/span><br \/>\n<span style=\"color: #ffffff;\">Grupo jueves y Grupo viernes<\/span><\/p>\n<p class=\"\" style=\"font-style: italic; font-size: 0.9em; margin: 0px; text-align: center;\"><span style=\"color: #ffffff;\">Carrera 56 B No. 128 \u2013 23 <\/span><\/p>\n<p class=\"\" style=\"font-style: italic; font-size: 0.9em; margin: 0px; text-align: center;\"><span style=\"color: #ffffff;\">Tel: 601 271 27 48 &#8211; 322 766 8850<\/span><\/p>\n<p class=\"color5-color\" style=\"font-style: italic; font-size: 0.9em; margin: 0px; font-weight: 600; text-align: center;\" data-font-weight=\"600\"><span style=\"color: #ffffff;\">SEDE QU\u00cdROGA<\/span><\/p>\n<p class=\"\" style=\"font-style: italic; font-size: 0.9em; margin: 0px; text-align: center;\"><span style=\"color: #ffffff;\">Calle 41 B Sur # 23C \u2013 38<\/span><br \/>\n<span style=\"color: #ffffff;\">Tel:&nbsp; 601 271 2748 &#8211; 310 860 9052<\/span><\/p>\n<p class=\"\" style=\"font-style: italic; font-size: 0.9em; margin: 0px; text-align: left;\">&nbsp;<\/p>\n<\/div>\n<\/div>\n<\/div>\n<\/div>\n<div class=\"col-md-3 col-sm-6 col-xs-12 text-center col-lg-3\">\n<p class=\"mod-reset\"><img loading=\"lazy\" decoding=\"async\" class=\"bg-img bg-img-square aligncenter wp-image-377 size-full\" src=\"https:\/\/www.fundacionlazos.com\/website\/wp-content\/uploads\/2020\/06\/65.5_0_169_169_bucaramanga-1-300x169.jpg\" alt=\"\" width=\"169\" height=\"169\" srcset=\"https:\/\/www.fundacionlazos.com\/website\/wp-content\/uploads\/2020\/06\/65.5_0_169_169_bucaramanga-1-300x169.jpg 169w, https:\/\/www.fundacionlazos.com\/website\/wp-content\/uploads\/2020\/06\/bucaramanga-1-150x150.jpg 150w, https:\/\/www.fundacionlazos.com\/website\/wp-content\/uploads\/2020\/06\/bucaramanga-1-48x48.jpg 48w, https:\/\/www.fundacionlazos.com\/website\/wp-content\/uploads\/2020\/06\/bucaramanga-1-300x300.jpg 300w\" sizes=\"(max-width: 169px) 100vw, 169px\" \/><\/p>\n<p class=\"h3\" style=\"text-transform: uppercase;\">Bucaramanga<\/p>\n<div class=\"row\">\n<div class=\"col-md-12 col-sm-12 col-xs-12 col-lg-12\">\n<div class=\"bg-box-1 color1-background-color color-1-text-contrast bg-background-color bg-box\" style=\"padding: 15px 10px; border-top: 10px solid; margin-bottom: 20px;\">\n<p class=\"color5-color\" style=\"font-style: italic; font-size: 0.9em; margin: 0px; font-weight: 600; text-align: center;\" data-font-weight=\"600\"><span style=\"color: #ffffff;\">ACCI\u00d3N CAT\u00d3LICA<\/span><\/p>\n<p class=\"\" style=\"font-style: italic; font-size: 0.9em; margin: 0px; text-align: center;\"><span style=\"color: #ffffff;\">Calle 42 No. 29 \u2013 10<\/span><br \/>\n<span style=\"color: #ffffff;\">Libia Teresa Valbuena Ardila<\/span><br \/>\n<span style=\"color: #ffffff;\">Tel: 607 643 40 45- 310 808 09 28<\/span><\/p>\n<p class=\"\" style=\"font-style: italic; font-size: 0.9em; margin: 0px; text-align: center;\"><span style=\"color: #ffffff;\">Martha Cecilia G\u00f3mez<\/span><br \/>\n<span style=\"color: #ffffff;\">Tel: 607 643 47 20 &#8211; 310 795 03 16<\/span><\/p>\n<p>&nbsp;<\/p>\n<p class=\"\" style=\"font-style: italic; font-size: .9em; margin: 0;\">&nbsp;<\/p>\n<\/div>\n<\/div>\n<\/div>\n<\/div>\n<div class=\"col-md-3 col-sm-6 col-xs-12 text-center col-lg-3\">\n<p class=\"mod-reset\"><img loading=\"lazy\" decoding=\"async\" class=\"bg-img bg-img-square aligncenter wp-image-378 \" src=\"https:\/\/www.fundacionlazos.com\/website\/wp-content\/uploads\/2020\/06\/46_0_183_183_medellin-1.jpg\" alt=\"\" width=\"165\" height=\"165\" srcset=\"https:\/\/www.fundacionlazos.com\/website\/wp-content\/uploads\/2020\/06\/46_0_183_183_medellin-1.jpg 183w, https:\/\/www.fundacionlazos.com\/website\/wp-content\/uploads\/2020\/06\/medellin-1-150x150.jpg 150w, https:\/\/www.fundacionlazos.com\/website\/wp-content\/uploads\/2020\/06\/medellin-1-48x48.jpg 48w\" sizes=\"(max-width: 165px) 100vw, 165px\" \/><\/p>\n<p class=\"h3\" style=\"text-transform: uppercase;\">medell\u00edn&nbsp;<\/p>\n<div class=\"row\" style=\"padding-bottom: 46px;\">\n<div class=\"col-md-12 col-sm-12 col-xs-12 col-lg-12\">\n<div class=\"bg-box-1 color1-background-color color-1-text-contrast bg-background-color bg-box\" style=\"padding: 15px 10px; border-top: 10px solid; margin-bottom: 20px;\">\n<p class=\"color5-color\" style=\"font-style: italic; font-size: 0.9em; margin: 0px; font-weight: 600; text-align: center;\" data-font-weight=\"600\"><span style=\"color: #ffffff;\">SIM\u00d3N BOL\u00cdVAR<\/span><\/p>\n<p class=\"\" style=\"font-style: italic; font-size: 0.9em; margin: 0px; text-align: center;\"><span style=\"color: #ffffff;\">Calle 35A 86-9<\/span><br \/>\n<span style=\"color: #ffffff;\">Tel: 604 411 55 99 &#8211; 312 287 74 30 &#8211; 310 471 78 61<\/span><\/p>\n<p>&nbsp;<\/p>\n<p class=\"\">&nbsp;<\/p>\n<p>&nbsp;<\/p>\n<\/div>\n<\/div>\n<\/div>\n<\/div>\n<div class=\"col-md-3 col-sm-6 col-xs-12 text-center col-lg-3\">\n<p class=\"mod-reset\"><img loading=\"lazy\" decoding=\"async\" class=\"bg-img bg-img-square alignnone wp-image-900 size-full\" src=\"https:\/\/www.fundacionlazos.com\/website\/wp-content\/uploads\/2023\/03\/0_16_540_328_barranquilla.jpg\" alt=\"\" width=\"540\" height=\"328\"><\/p>\n<p class=\"h3\" style=\"text-transform: uppercase;\">BARRANQUILLA<\/p>\n<div class=\"row\" style=\"margin-right: -76px; padding-bottom: 3px;\">\n<div class=\"col-md-12 col-sm-12 col-xs-12 col-lg-11\">\n<div class=\"bg-box-1 color1-background-color color-1-text-contrast bg-background-color bg-box\" style=\"padding: 15px 10px; border-top: 10px solid; margin-bottom: 20px;\">\n<p class=\"color5-color\" style=\"font-style: italic; font-size: 0.9em; margin: 0px; text-align: justify; font-weight: 600;\" data-font-weight=\"600\">&nbsp; &nbsp; &nbsp; &nbsp; &nbsp; &nbsp; &nbsp; &nbsp; &nbsp; &nbsp;<span style=\"color: #ffffff;\">Puerto Colombia<\/span><\/p>\n<p class=\"\" style=\"font-style: italic; font-size: 0.9em; margin: 0px; text-align: left;\"><span id=\"cloak2623\">&nbsp; &nbsp; &nbsp; &nbsp; &nbsp; &nbsp; &nbsp; &nbsp; &nbsp; &nbsp; &nbsp; V\u00eda 5 CUA 175 <\/span><\/p>\n<p class=\"\" style=\"font-style: italic; font-size: 0.9em; margin: 0px; text-align: left;\">&nbsp; &nbsp; &nbsp; &nbsp; &nbsp; &nbsp; &nbsp; &nbsp; &nbsp; Colegio San Jos\u00e9<br \/>\n&nbsp; &nbsp;Reuniones Mi\u00e9rcoles (cada 14 d\u00edas)<\/p>\n<p class=\"\" style=\"font-style: italic; font-size: 0.9em; margin: 0px; text-align: center;\">6 PM a 8 PM<\/p>\n<p>Informes: Martha Uribe<\/p>\n<p>Tel\u00e9fono: 300 207 2504<\/p>\n<\/div>\n<\/div>\n<div class=\"col-lg-1 col-md-12 col-sm-12 col-xs-12\">\n<div><\/div>\n<\/div>\n<\/div>\n<\/div>\n<\/div>\n<div class=\"row\" style=\"padding-top: 40px; padding-bottom: 3px;\">\n<div class=\"col-md-3 col-sm-6 col-xs-12 text-center col-lg-3\">\n<p class=\"mod-reset\"><img loading=\"lazy\" decoding=\"async\" class=\"bg-img bg-img-square alignnone wp-image-902 \" src=\"https:\/\/www.fundacionlazos.com\/website\/wp-content\/uploads\/2023\/03\/cali.jpeg\" alt=\"\" width=\"136\" height=\"170\" srcset=\"https:\/\/www.fundacionlazos.com\/website\/wp-content\/uploads\/2023\/03\/cali.jpeg 479w, https:\/\/www.fundacionlazos.com\/website\/wp-content\/uploads\/2023\/03\/cali-240x300.jpeg 240w, https:\/\/www.fundacionlazos.com\/website\/wp-content\/uploads\/2023\/03\/cali-320x399.jpeg 320w, https:\/\/www.fundacionlazos.com\/website\/wp-content\/uploads\/2023\/03\/cali-250x312.jpeg 250w, https:\/\/www.fundacionlazos.com\/website\/wp-content\/uploads\/2023\/03\/cali-144x180.jpeg 144w, https:\/\/www.fundacionlazos.com\/website\/wp-content\/uploads\/2023\/03\/cali-401x500.jpeg 401w\" sizes=\"(max-width: 136px) 100vw, 136px\" \/><\/p>\n<p class=\"h3\" style=\"text-transform: uppercase;\"><span style=\"vertical-align: inherit;\"><span style=\"vertical-align: inherit;\"><span style=\"vertical-align: inherit;\"><span style=\"vertical-align: inherit;\">CALI<\/span><\/span><\/span><\/span><\/p>\n<div class=\"row\" style=\"margin-right: -27px;\">\n<div class=\"col-md-12 col-sm-12 col-xs-12 col-lg-12\">\n<div class=\"bg-box-1 color1-background-color color-1-text-contrast bg-background-color bg-box\" style=\"padding: 15px 10px; border-top: 10px solid; margin-bottom: 20px;\">\n<p class=\"color5-color\" style=\"font-style: italic; font-size: 0.9em; margin: 0px; font-weight: 600; text-align: center;\" data-font-weight=\"600\"><span style=\"color: #ffffff;\">Comunicarse:<\/span><\/p>\n<p data-font-weight=\"600\"><em>Julieth Fabiana Rodr\u00edguez<\/em><\/p>\n<p data-font-weight=\"600\"><em>Tel 316 293 0614<\/em><\/p>\n<p data-font-weight=\"600\"><em>Yaqueline Garc\u00eda<\/em><\/p>\n<p data-font-weight=\"600\"><em>Tel 322 636 8876<\/em><\/p>\n<\/div>\n<\/div>\n<\/div>\n<\/div>\n<div class=\"col-md-3 col-sm-6 col-xs-12 text-center col-lg-3\">\n<p class=\"mod-reset\"><img loading=\"lazy\" decoding=\"async\" class=\"alignnone wp-image-1298\" src=\"https:\/\/www.fundacionlazos.com\/website\/wp-content\/uploads\/2024\/07\/Anapoima.png\" alt=\"\" width=\"178\" height=\"164\" srcset=\"https:\/\/www.fundacionlazos.com\/website\/wp-content\/uploads\/2024\/07\/Anapoima.png 390w, https:\/\/www.fundacionlazos.com\/website\/wp-content\/uploads\/2024\/07\/Anapoima-300x276.png 300w, https:\/\/www.fundacionlazos.com\/website\/wp-content\/uploads\/2024\/07\/Anapoima-320x295.png 320w, https:\/\/www.fundacionlazos.com\/website\/wp-content\/uploads\/2024\/07\/Anapoima-250x230.png 250w, https:\/\/www.fundacionlazos.com\/website\/wp-content\/uploads\/2024\/07\/Anapoima-196x180.png 196w, https:\/\/www.fundacionlazos.com\/website\/wp-content\/uploads\/2024\/07\/Anapoima-326x300.png 326w\" sizes=\"(max-width: 178px) 100vw, 178px\" \/><\/p>\n<p class=\"h3\" style=\"text-transform: uppercase;\">Anapoima (c\/MARCA)<\/p>\n<div class=\"row\" style=\"margin-right: -47px;\">\n<div class=\"col-md-12 col-sm-12 col-xs-12 col-lg-12\">\n<div class=\"bg-box-1 color1-background-color color-1-text-contrast bg-background-color bg-box\" style=\"padding: 15px 10px; border-top: 10px solid; margin-bottom: 20px;\">\n<p class=\"color5-color\" style=\"font-style: italic; font-size: 0.9em; margin: 0px; font-weight: 600; text-align: center;\" data-font-weight=\"600\"><span style=\"color: #ffffff;\">Grupo de Anapoima<\/span><\/p>\n<p class=\"\" style=\"font-style: italic; font-size: 0.9em; margin: 0px; text-align: center;\">Centro Cultural y Deportivo:<\/p>\n<p class=\"\" style=\"font-style: italic; font-size: 0.9em; margin: 0px; text-align: center;\">Enrique Santos Castillo<br \/>\nCarrera 4 No 4-35.<br \/>\nReuniones \u00faltimo lunes de cada mes<\/p>\n<p>(Cuando sea festivo se traslada para el siguiente martes).<\/p>\n<p class=\"\" style=\"font-style: italic; font-size: 0.9em; margin: 0px; text-align: center;\">Horario: 6 pm a 8 pm<br \/>\nINFORMES<br \/>\nAstrid Velandia<br \/>\nTel\u00e9fono: 300 146 5564<br \/>\nFundaci\u00f3n Lazos<br \/>\nTel\u00e9fonos: 322 766 8850<\/p>\n<\/div>\n<\/div>\n<\/div>\n<\/div>\n<div class=\"col-md-3 col-sm-6 col-xs-12 text-center col-lg-3\">\n<p class=\"mod-reset\"><img loading=\"lazy\" decoding=\"async\" class=\"bg-img bg-img-square alignnone wp-image-903 size-full\" src=\"https:\/\/www.fundacionlazos.com\/website\/wp-content\/uploads\/2023\/03\/126_0_168_168_hermano-medio.jpg\" alt=\"\" width=\"168\" height=\"168\" srcset=\"https:\/\/www.fundacionlazos.com\/website\/wp-content\/uploads\/2023\/03\/126_0_168_168_hermano-medio.jpg 168w, https:\/\/www.fundacionlazos.com\/website\/wp-content\/uploads\/2023\/03\/hermano-medio-150x150.jpg 150w, https:\/\/www.fundacionlazos.com\/website\/wp-content\/uploads\/2023\/03\/hermano-medio-48x48.jpg 48w, https:\/\/www.fundacionlazos.com\/website\/wp-content\/uploads\/2023\/03\/hermano-medio-300x300.jpg 300w\" sizes=\"(max-width: 168px) 100vw, 168px\" \/><\/p>\n<p class=\"h3\" style=\"text-transform: uppercase;\">BOGOTA<\/p>\n<div class=\"row\" style=\"margin-left: -2px;\">\n<div class=\"col-md-12 col-sm-12 col-xs-12 col-lg-12\">\n<div class=\"bg-box-1 color1-background-color color-1-text-contrast bg-background-color bg-box\" style=\"padding: 15px 10px; border-top: 10px solid; margin-bottom: 20px;\">\n<p class=\"color5-color\" style=\"font-style: italic; font-size: 0.9em; margin: 0px; font-weight: 600; text-align: center;\" data-font-weight=\"600\"><span style=\"color: #ffffff;\">GRUPO HEMANAS Y HERMANOS<\/span><\/p>\n<p><em>Carrera 56 B No 128 &#8211; 23<\/em><br \/>\n<em>M\u00f3nica Jim\u00e9nez<\/em><br \/>\n<em>Celular: 310 287 48 53<\/em><br \/>\n<em>Oscar Cordero C.<\/em><br \/>\n<em>Celular: 311 223 16 95<\/em><\/p>\n<p><em>Tel\u00e9fono: 601 271 27 48<\/em><\/p>\n<\/div>\n<\/div>\n<\/div>\n<\/div>\n<div class=\"col-md-3 col-sm-6 col-xs-12 text-center col-lg-3\">\n<p class=\"mod-reset\"><img loading=\"lazy\" decoding=\"async\" class=\"bg-img bg-img-square aligncenter wp-image-383 size-full\" src=\"https:\/\/www.fundacionlazos.com\/website\/wp-content\/uploads\/2020\/06\/65.5_0_169_169_soledad-Atlantico-300x169.jpg\" alt=\"\" width=\"169\" height=\"169\" srcset=\"https:\/\/www.fundacionlazos.com\/website\/wp-content\/uploads\/2020\/06\/65.5_0_169_169_soledad-Atlantico-300x169.jpg 169w, https:\/\/www.fundacionlazos.com\/website\/wp-content\/uploads\/2020\/06\/soledad-Atlantico-150x150.jpg 150w, https:\/\/www.fundacionlazos.com\/website\/wp-content\/uploads\/2020\/06\/soledad-Atlantico-48x48.jpg 48w, https:\/\/www.fundacionlazos.com\/website\/wp-content\/uploads\/2020\/06\/soledad-Atlantico-300x300.jpg 300w\" sizes=\"(max-width: 169px) 100vw, 169px\" \/><\/p>\n<p class=\"h3\" style=\"text-transform: uppercase; font-size: 22px;\">soledad atl\u00e1ntico<\/p>\n<div class=\"row\">\n<div class=\"col-md-12 col-sm-12 col-xs-12 col-lg-12\">\n<div class=\"bg-box-1 color1-background-color color-1-text-contrast bg-background-color bg-box\" style=\"padding: 15px 10px; border-top: 10px solid; margin-bottom: 20px;\">\n<p class=\"color5-color\" style=\"font-style: italic; font-size: 0.9em; margin: 0px; font-weight: 600; text-align: center;\" data-font-weight=\"600\"><span style=\"color: #ffffff;\">BARRIO CENTRO&nbsp;<\/span><\/p>\n<p class=\"\" style=\"font-style: italic; font-size: 0.9em; margin: 0px; text-align: center;\"><span style=\"color: #ffffff;\">Calle 16 No 22-65<\/span><br \/>\n<span style=\"color: #ffffff;\">Laureano de la Hoz<\/span><br \/>\n<span style=\"color: #ffffff;\">Tel: 605 395 72 95 \u2013 313 522 42 81<\/span><br \/>\n<span style=\"color: #ffffff;\">Margarita Gravini<\/span><br \/>\n<span style=\"color: #ffffff;\">Tel\u00e9fonos: 300 440 05 13<\/span><\/p>\n<\/div>\n<\/div>\n<\/div>\n<\/div>\n<\/div>\n<\/div>\n<\/div>\n<div class=\"boldgrid-section\">\n<div class=\"container\">\n<div class=\"row\" style=\"padding: 0px 0em 2px 5em; background-image: linear-gradient(to left, #18a47a, #a4d0c8); border-radius: 40px; box-shadow: #cecece 7px -6px 3px 1px; margin: 12px auto -15px; width: 50%;\" data-bg-color-1=\"#18a47a\" data-bg-color-2=\"#a4d0c8\" data-bg-direction=\"to left\">\n<div class=\"col-md-11 col-sm-12 col-xs-12 col-lg-11\">\n\n<div class=\"wpcf7 no-js\" id=\"wpcf7-f660-o1\" lang=\"es-CO\" dir=\"ltr\">\n<div class=\"screen-reader-response\"><p role=\"status\" aria-live=\"polite\" aria-atomic=\"true\"><\/p> <ul><\/ul><\/div>\n<form action=\"\/website\/wp-json\/wp\/v2\/pages\/196#wpcf7-f660-o1\" method=\"post\" class=\"wpcf7-form init\" aria-label=\"Formulario de contacto\" novalidate=\"novalidate\" data-status=\"init\">\n<div style=\"display: none;\">\n<input type=\"hidden\" name=\"_wpcf7\" value=\"660\" \/>\n<input type=\"hidden\" name=\"_wpcf7_version\" value=\"5.9.3\" \/>\n<input type=\"hidden\" name=\"_wpcf7_locale\" value=\"es_CO\" \/>\n<input type=\"hidden\" name=\"_wpcf7_unit_tag\" value=\"wpcf7-f660-o1\" \/>\n<input type=\"hidden\" name=\"_wpcf7_container_post\" value=\"0\" \/>\n<input type=\"hidden\" name=\"_wpcf7_posted_data_hash\" value=\"\" \/>\n<\/div>\n<p><label> Nombre y Apellido<br \/>\n<span class=\"wpcf7-form-control-wrap\" data-name=\"your-name\"><input size=\"40\" class=\"wpcf7-form-control wpcf7-text wpcf7-validates-as-required\" aria-required=\"true\" aria-invalid=\"false\" value=\"\" type=\"text\" name=\"your-name\" \/><\/span> <\/label>\n<\/p>\n<p><label>Tel\u00e9fono<br \/>\n<span class=\"wpcf7-form-control-wrap\" data-name=\"tel-525\"><input size=\"40\" class=\"wpcf7-form-control wpcf7-tel wpcf7-validates-as-required wpcf7-text wpcf7-validates-as-tel\" aria-required=\"true\" aria-invalid=\"false\" value=\"\" type=\"tel\" name=\"tel-525\" \/><\/span><\/label>\n<\/p>\n<p><label> Correo Electr\u00f3nico<br \/>\n<span class=\"wpcf7-form-control-wrap\" data-name=\"your-email\"><input size=\"40\" class=\"wpcf7-form-control wpcf7-email wpcf7-validates-as-required wpcf7-text wpcf7-validates-as-email\" aria-required=\"true\" aria-invalid=\"false\" value=\"\" type=\"email\" name=\"your-email\" \/><\/span> <\/label>\n<\/p>\n<p><label> Asunto<br \/>\n<span class=\"wpcf7-form-control-wrap\" data-name=\"your-subject\"><input size=\"40\" class=\"wpcf7-form-control wpcf7-text\" aria-invalid=\"false\" value=\"\" type=\"text\" name=\"your-subject\" \/><\/span> <\/label>\n<\/p>\n<p><label> Mensaje<br \/>\n<span class=\"wpcf7-form-control-wrap\" data-name=\"your-message\"><textarea cols=\"40\" rows=\"10\" class=\"wpcf7-form-control wpcf7-textarea\" aria-invalid=\"false\" name=\"your-message\"><\/textarea><\/span> <\/label>\n<\/p>\n<p><input class=\"wpcf7-form-control wpcf7-submit has-spinner\" type=\"submit\" value=\"Enviar\" \/>\n<\/p><p style=\"display: none !important;\" class=\"akismet-fields-container\" data-prefix=\"_wpcf7_ak_\"><label>&#916;<textarea name=\"_wpcf7_ak_hp_textarea\" cols=\"45\" rows=\"8\" maxlength=\"100\"><\/textarea><\/label><input type=\"hidden\" id=\"ak_js_1\" name=\"_wpcf7_ak_js\" value=\"60\"\/><script>document.getElementById( \"ak_js_1\" ).setAttribute( \"value\", ( new Date() ).getTime() );<\/script><\/p><div class=\"wpcf7-response-output\" aria-hidden=\"true\"><\/div>\n<\/form>\n<\/div>\n\n<\/div>\n<\/div>\n<div class=\"row\" style=\"padding-top: 0px; padding-bottom: 2px;\">\n<div class=\"col-md-1 col-xs-12 col-sm-12 col-lg-1\">\n<p class=\"\" style=\"text-align: left; font-size: 19px;\"><a href=\"http:\/\/www.webmail.fundacionlazos.com\/\" target=\"_blank\" rel=\"noopener noreferrer\"><i class=\"fa bg-inserted-icon fa-envelope-open\" style=\"font-size: 36px;\" aria-hidden=\"true\"> <span style=\"display: none;\">&nbsp;<\/span> <\/i><\/a><\/p>\n<\/div>\n<div class=\"col-md-11 col-sm-12 col-xs-12 col-lg-11\"><\/div>\n<\/div>\n<\/div>\n<\/div>\n","protected":false},"excerpt":{"rendered":"<p>&nbsp; Cont\u00e1ctenos La Fundaci\u00f3n Lazos promueve la creaci\u00f3n de grupos de ayuda mutua en ciudades y poblaciones del pa\u00eds, brindando [&hellip;]<\/p>\n","protected":false},"author":1,"featured_media":0,"parent":0,"menu_order":0,"comment_status":"closed","ping_status":"closed","template":"template\/page\/fullwidth.php","meta":{"bgseo_title":"","bgseo_description":"","bgseo_robots_index":"index","bgseo_robots_follow":"follow","om_disable_all_campaigns":false,"footnotes":""},"_links":{"self":[{"href":"https:\/\/www.fundacionlazos.com\/website\/wp-json\/wp\/v2\/pages\/196"}],"collection":[{"href":"https:\/\/www.fundacionlazos.com\/website\/wp-json\/wp\/v2\/pages"}],"about":[{"href":"https:\/\/www.fundacionlazos.com\/website\/wp-json\/wp\/v2\/types\/page"}],"author":[{"embeddable":true,"href":"https:\/\/www.fundacionlazos.com\/website\/wp-json\/wp\/v2\/users\/1"}],"replies":[{"embeddable":true,"href":"https:\/\/www.fundacionlazos.com\/website\/wp-json\/wp\/v2\/comments?post=196"}],"version-history":[{"count":10,"href":"https:\/\/www.fundacionlazos.com\/website\/wp-json\/wp\/v2\/pages\/196\/revisions"}],"predecessor-version":[{"id":1582,"href":"https:\/\/www.fundacionlazos.com\/website\/wp-json\/wp\/v2\/pages\/196\/revisions\/1582"}],"wp:attachment":[{"href":"https:\/\/www.fundacionlazos.com\/website\/wp-json\/wp\/v2\/media?parent=196"}],"curies":[{"name":"wp","href":"https:\/\/api.w.org\/{rel}","templated":true}]}}