{"id":30,"date":"2020-05-22T15:15:02","date_gmt":"2020-05-22T20:15:02","guid":{"rendered":"https:\/\/www.fundacionlazos.com\/website\/?page_id=30"},"modified":"2024-07-10T13:49:29","modified_gmt":"2024-07-10T18:49:29","slug":"que-es-lazos","status":"publish","type":"page","link":"https:\/\/www.fundacionlazos.com\/website\/que-es-lazos\/","title":{"rendered":"Qu\u00e9 es Lazos"},"content":{"rendered":"<div class=\"boldgrid-section\">\n<div class=\"container\">\n<div class=\"row\">\n<div class=\"col-md-6 col-xs-12 col-sm-12 col-lg-6\">\n<p class=\"\" style=\"text-align: justify;\">Es una Fundaci\u00f3n Colombiana sin \u00e1nimo de lucro, que brinda apoyo afectivo y orientaci\u00f3n a padres y madres que han perdido hijos a trav\u00e9s de grupos de ayuda mutua; son grupos de personas que comparten id\u00e9nticas experiencias de vida y se unen para encontrar un sentido a la tragedia que les ha tocado vivir.<\/p>\n<\/div>\n<div class=\"col-md-6 col-sm-12 col-xs-12 col-lg-6\">\n<p class=\"mod-reset\" style=\"margin: 48px 0px 0px;\"><img loading=\"lazy\" decoding=\"async\" class=\"aligncenter wp-image-399 size-large\" src=\"https:\/\/www.fundacionlazos.com\/website\/wp-content\/uploads\/2020\/06\/Lazos-1024x576.jpg\" alt=\"\" width=\"780\" height=\"439\" srcset=\"https:\/\/www.fundacionlazos.com\/website\/wp-content\/uploads\/2020\/06\/Lazos-1024x576.jpg 1024w, https:\/\/www.fundacionlazos.com\/website\/wp-content\/uploads\/2020\/06\/Lazos-300x169.jpg 300w, https:\/\/www.fundacionlazos.com\/website\/wp-content\/uploads\/2020\/06\/Lazos-768x432.jpg 768w, https:\/\/www.fundacionlazos.com\/website\/wp-content\/uploads\/2020\/06\/Lazos-1536x864.jpg 1536w, https:\/\/www.fundacionlazos.com\/website\/wp-content\/uploads\/2020\/06\/Lazos-660x371.jpg 660w, https:\/\/www.fundacionlazos.com\/website\/wp-content\/uploads\/2020\/06\/Lazos-250x141.jpg 250w, https:\/\/www.fundacionlazos.com\/website\/wp-content\/uploads\/2020\/06\/Lazos-550x309.jpg 550w, https:\/\/www.fundacionlazos.com\/website\/wp-content\/uploads\/2020\/06\/Lazos-800x450.jpg 800w, https:\/\/www.fundacionlazos.com\/website\/wp-content\/uploads\/2020\/06\/Lazos-320x180.jpg 320w, https:\/\/www.fundacionlazos.com\/website\/wp-content\/uploads\/2020\/06\/Lazos-533x300.jpg 533w, https:\/\/www.fundacionlazos.com\/website\/wp-content\/uploads\/2020\/06\/Lazos-889x500.jpg 889w, https:\/\/www.fundacionlazos.com\/website\/wp-content\/uploads\/2020\/06\/Lazos.jpg 1920w\" sizes=\"(max-width: 780px) 100vw, 780px\" \/><\/p>\n<p>&nbsp;<\/p>\n<\/div>\n<\/div>\n<div class=\"row\" style=\"padding-bottom: 0px;\">\n<div class=\"col-md-12 col-xs-12 col-sm-12 col-lg-12\">\n<p class=\"\" style=\"text-align: justify;\">Los grupos est\u00e1n conformados por padres que comparten una situaci\u00f3n igual: La p\u00e9rdida de uno o m\u00e1s hijos, sin importar la causa de la muerte, ni la edad. Lo que los une es querer dar y recibir ayuda.<\/p>\n<p class=\"\" style=\"text-align: justify;\">Lazos ofrece a sus miembros un espacio c\u00e1lido, respetuoso para compartir emociones y vivencias y as\u00ed transformar su dolor en sentimientos y acciones positivas, rescatando el mensaje de amor que cada hijo(a) dej\u00f3 a sus padres para trascenderlo a trav\u00e9s del apoyo, compa\u00f1\u00eda, escucha, compasi\u00f3n, comprensi\u00f3n, crecimiento personal y espiritual.<\/p>\n<\/div>\n<\/div>\n<div class=\"row\">\n<div class=\"col-md-6 col-xs-12 col-sm-12 col-lg-6\">\n<p class=\"mod-reset\" style=\"margin-top: 30px;\"><img loading=\"lazy\" decoding=\"async\" class=\"aligncenter wp-image-400 size-medium\" src=\"https:\/\/www.fundacionlazos.com\/website\/wp-content\/uploads\/2020\/06\/Grupo-de-ayuda-300x225.jpg\" alt=\"\" width=\"300\" height=\"225\" srcset=\"https:\/\/www.fundacionlazos.com\/website\/wp-content\/uploads\/2020\/06\/Grupo-de-ayuda-300x225.jpg 300w, https:\/\/www.fundacionlazos.com\/website\/wp-content\/uploads\/2020\/06\/Grupo-de-ayuda-1024x768.jpg 1024w, https:\/\/www.fundacionlazos.com\/website\/wp-content\/uploads\/2020\/06\/Grupo-de-ayuda-768x576.jpg 768w, https:\/\/www.fundacionlazos.com\/website\/wp-content\/uploads\/2020\/06\/Grupo-de-ayuda-1536x1152.jpg 1536w, https:\/\/www.fundacionlazos.com\/website\/wp-content\/uploads\/2020\/06\/Grupo-de-ayuda-660x495.jpg 660w, https:\/\/www.fundacionlazos.com\/website\/wp-content\/uploads\/2020\/06\/Grupo-de-ayuda-250x188.jpg 250w, https:\/\/www.fundacionlazos.com\/website\/wp-content\/uploads\/2020\/06\/Grupo-de-ayuda-550x413.jpg 550w, https:\/\/www.fundacionlazos.com\/website\/wp-content\/uploads\/2020\/06\/Grupo-de-ayuda-800x600.jpg 800w, https:\/\/www.fundacionlazos.com\/website\/wp-content\/uploads\/2020\/06\/Grupo-de-ayuda-240x180.jpg 240w, https:\/\/www.fundacionlazos.com\/website\/wp-content\/uploads\/2020\/06\/Grupo-de-ayuda-400x300.jpg 400w, https:\/\/www.fundacionlazos.com\/website\/wp-content\/uploads\/2020\/06\/Grupo-de-ayuda-667x500.jpg 667w, https:\/\/www.fundacionlazos.com\/website\/wp-content\/uploads\/2020\/06\/Grupo-de-ayuda.jpg 1920w\" sizes=\"(max-width: 300px) 100vw, 300px\" \/><\/p>\n<\/div>\n<div class=\"col-md-6 col-sm-12 col-xs-12 col-lg-6\">\n<p class=\"mod-reset\" style=\"margin: 0px;\">Lazos ofrece informaci\u00f3n confiable acerca del proceso del duelo ante la muerte de un hijo(a).<br \/>\nLazos no es un grupo de terapia profesional, ni tiene ideas pol\u00edticas, ni defiende ninguna causa y\/o credo religioso.<\/p>\n<\/div>\n<\/div>\n<div class=\"row\">\n<div class=\"col-md-6 col-xs-12 col-sm-12 col-lg-6\">\n<h3 class=\"\" style=\"text-align: justify; margin-top: 6px;\"><span style=\"color: #0068b1;\">Creaci\u00f3n<\/span><\/h3>\n<p class=\"\" style=\"text-align: justify; margin-top: -12px;\">La Fundaci\u00f3n Lazos fue creada en la ciudad de Bogot\u00e1, en el mes de noviembre de 1.995 por insinuaci\u00f3n y coordinaci\u00f3n de la Psic\u00f3loga y Tanat\u00f3loga Isa Fonnegra de Jaramillo, quien en su pr\u00e1ctica como psic\u00f3loga y acompa\u00f1amiento en duelos, identifica la necesidad de apoyo para la elaboraci\u00f3n del proceso del duelo en una forma diferente.<\/p>\n<\/div>\n<div class=\"col-md-6 col-sm-12 col-xs-12 col-lg-6\">\n<p class=\"mod-reset\" style=\"margin: 73px 0px 0px;\"><img loading=\"lazy\" decoding=\"async\" class=\"aligncenter wp-image-401 size-medium\" src=\"https:\/\/www.fundacionlazos.com\/website\/wp-content\/uploads\/2020\/06\/creacion-300x297.jpg\" alt=\"\" width=\"300\" height=\"297\" srcset=\"https:\/\/www.fundacionlazos.com\/website\/wp-content\/uploads\/2020\/06\/creacion-300x297.jpg 300w, https:\/\/www.fundacionlazos.com\/website\/wp-content\/uploads\/2020\/06\/creacion-1024x1012.jpg 1024w, https:\/\/www.fundacionlazos.com\/website\/wp-content\/uploads\/2020\/06\/creacion-150x150.jpg 150w, https:\/\/www.fundacionlazos.com\/website\/wp-content\/uploads\/2020\/06\/creacion-768x759.jpg 768w, https:\/\/www.fundacionlazos.com\/website\/wp-content\/uploads\/2020\/06\/creacion-1536x1518.jpg 1536w, https:\/\/www.fundacionlazos.com\/website\/wp-content\/uploads\/2020\/06\/creacion-660x652.jpg 660w, https:\/\/www.fundacionlazos.com\/website\/wp-content\/uploads\/2020\/06\/creacion-48x48.jpg 48w, https:\/\/www.fundacionlazos.com\/website\/wp-content\/uploads\/2020\/06\/creacion-250x247.jpg 250w, https:\/\/www.fundacionlazos.com\/website\/wp-content\/uploads\/2020\/06\/creacion-550x544.jpg 550w, https:\/\/www.fundacionlazos.com\/website\/wp-content\/uploads\/2020\/06\/creacion-800x791.jpg 800w, https:\/\/www.fundacionlazos.com\/website\/wp-content\/uploads\/2020\/06\/creacion-182x180.jpg 182w, https:\/\/www.fundacionlazos.com\/website\/wp-content\/uploads\/2020\/06\/creacion-303x300.jpg 303w, https:\/\/www.fundacionlazos.com\/website\/wp-content\/uploads\/2020\/06\/creacion-506x500.jpg 506w, https:\/\/www.fundacionlazos.com\/website\/wp-content\/uploads\/2020\/06\/creacion.jpg 1920w\" sizes=\"(max-width: 300px) 100vw, 300px\" \/><\/p>\n<\/div>\n<\/div>\n<div class=\"row\">\n<div class=\"col-md-12 col-xs-12 col-sm-12 col-lg-12\">\n<p class=\"\" style=\"text-align: justify;\">Seis parejas de padres que hab\u00edan tenido contacto profesional con ella a ra\u00edz de la muerte de alguno de sus hijos y con el liderazgo de la doctora Fonnegra, comienzan a construir \u00e9sta fundaci\u00f3n basados en la ayuda mutua y tomando como par\u00e1metros los lineamientos del Grupo Renacer de Argentina, creado por Gustavo y Alicia Berti.<\/p>\n<p class=\"\" style=\"text-align: justify;\">En 1.996 se recibe la visita del Doctor Carlos Bianchi, psiquiatra argentino y quien adem\u00e1s participaba del grupo Renacer a ra\u00edz de la muerte de uno de sus hijos. El doctor ofreci\u00f3 varias conferencias en distintas ciudades del pa\u00eds y fue en ese momento que se hizo el lanzamiento oficial de la Fundaci\u00f3n Lazos, convirti\u00e9ndose en la primera organizaci\u00f3n colombiana que presta ayuda y acompa\u00f1amiento a padres en el proceso del duelo.<\/p>\n<\/div>\n<\/div>\n<div class=\"row\">\n<div class=\"col-md-6 col-xs-12 col-sm-12 col-lg-6\">\n<p class=\"mod-reset\" style=\"margin-top: 70px;\"><img loading=\"lazy\" decoding=\"async\" class=\"aligncenter wp-image-402 size-large\" src=\"https:\/\/www.fundacionlazos.com\/website\/wp-content\/uploads\/2020\/06\/objetivos-1024x546.jpg\" alt=\"\" width=\"780\" height=\"416\" srcset=\"https:\/\/www.fundacionlazos.com\/website\/wp-content\/uploads\/2020\/06\/objetivos-1024x546.jpg 1024w, https:\/\/www.fundacionlazos.com\/website\/wp-content\/uploads\/2020\/06\/objetivos-300x160.jpg 300w, https:\/\/www.fundacionlazos.com\/website\/wp-content\/uploads\/2020\/06\/objetivos-768x410.jpg 768w, https:\/\/www.fundacionlazos.com\/website\/wp-content\/uploads\/2020\/06\/objetivos-1536x819.jpg 1536w, https:\/\/www.fundacionlazos.com\/website\/wp-content\/uploads\/2020\/06\/objetivos-660x352.jpg 660w, https:\/\/www.fundacionlazos.com\/website\/wp-content\/uploads\/2020\/06\/objetivos-250x133.jpg 250w, https:\/\/www.fundacionlazos.com\/website\/wp-content\/uploads\/2020\/06\/objetivos-550x293.jpg 550w, https:\/\/www.fundacionlazos.com\/website\/wp-content\/uploads\/2020\/06\/objetivos-800x427.jpg 800w, https:\/\/www.fundacionlazos.com\/website\/wp-content\/uploads\/2020\/06\/objetivos-338x180.jpg 338w, https:\/\/www.fundacionlazos.com\/website\/wp-content\/uploads\/2020\/06\/objetivos-563x300.jpg 563w, https:\/\/www.fundacionlazos.com\/website\/wp-content\/uploads\/2020\/06\/objetivos-938x500.jpg 938w, https:\/\/www.fundacionlazos.com\/website\/wp-content\/uploads\/2020\/06\/objetivos.jpg 1920w\" sizes=\"(max-width: 780px) 100vw, 780px\" \/><\/p>\n<\/div>\n<div class=\"col-md-6 col-sm-12 col-xs-12 col-lg-6\">\n<h3 class=\"\" style=\"text-align: justify;\"><span style=\"color: #0068b1;\">Objetivos<\/span><\/h3>\n<p class=\"mod-reset\" style=\"margin: -11px 0px 0px;\">Crear y mantener un espacio para compartir sentimientos y experiencias que ayuden al proceso del duelo y a sanar las heridas abiertas por la p\u00e9rdida de un hijo(a) sin importar el tiempo transcurrido desde la muerte, para que se beneficien de la ayuda mutua en los grupos.<\/p>\n<\/div>\n<\/div>\n<div class=\"row\">\n<div class=\"col-md-12 col-xs-12 col-sm-12 col-lg-12\">\n<p class=\"\" style=\"text-align: justify;\">Ofrecer informaci\u00f3n confiable, sobre c\u00f3mo se elabora el proceso del duelo ante la p\u00e9rdida de un hijo(a)<\/p>\n<p class=\"\" style=\"text-align: justify; margin-top: -16px;\">Rescatar el mensaje de amor que dejaron nuestros hijos, convirtiendo el dolor de su partida en actitudes y acciones positivas que nos permitan crecer y servir a otros.<\/p>\n<p class=\"\" style=\"text-align: justify; margin-top: -15px;\">Promover el crecimiento interior, el auto-cuidado y la sensibilidad ante el dolor ajeno.<\/p>\n<p class=\"\" style=\"text-align: justify; margin-top: -15px;\">Crear un entorno que facilite el crecimiento personal, rescatando el mensaje de amor que cada hijo(a) dej\u00f3 a sus padres.<\/p>\n<p class=\"\" style=\"text-align: justify; margin-top: -14px;\">Brindar apoyo afectivo y emocional a los padres y madres que han perdido hijos, convirti\u00e9ndolos a su vez en cuidadosos escuchas y acompa\u00f1antes del dolor de otros padres.<\/p>\n<p class=\"\" style=\"text-align: justify; margin-top: -16px;\">Ayudar a reconocer que el duelo no es un estado, sino un proceso en el que cada pap\u00e1 y cada mam\u00e1 han de participar activamente para encontrar su nuevo sentido de vida. La recuperaci\u00f3n depende y es responsabilidad de cada uno de nosotros.<\/p>\n<p class=\"\" style=\"text-align: justify; margin-top: -11px;\">Aprender a validar los sentimientos de rabia, miedo, ira, resentimiento, culpa, envidia, autocompasi\u00f3n, etc. Que aparecen ante la muerte de un hijo(a) y que hacen parte del proceso del duelo.<\/p>\n<p class=\"\" style=\"text-align: justify; margin-top: -15px;\">Promover la b\u00fasqueda de un nuevo sentido de vida a pesar de todo.<\/p>\n<\/div>\n<\/div>\n<div class=\"row\">\n<div class=\"col-md-6 col-xs-12 col-sm-12 col-lg-6\">\n<h3 class=\"\" style=\"text-align: justify; margin-top: 45px;\"><span style=\"color: #0068b1;\">Principios filos\u00f3ficos<\/span><\/h3>\n<ul class=\"\">\n<li style=\"text-align: justify;\">Cuando nuestros hijos murieron, nosotros cambiamos. No somos los mismos.<\/li>\n<li style=\"text-align: justify;\">El dolor, la nostalgia, la rabia, la sensaci\u00f3n de injusticia y de haber sido despojados son v\u00e1lidas durante el proceso de duelo.<\/li>\n<\/ul>\n<\/div>\n<div class=\"col-md-6 col-sm-12 col-xs-12 col-lg-6\">\n<p class=\"mod-reset\" style=\"margin-top: 57px;\"><img loading=\"lazy\" decoding=\"async\" class=\"aligncenter wp-image-403 size-large\" src=\"https:\/\/www.fundacionlazos.com\/website\/wp-content\/uploads\/2020\/06\/Principios-1024x683.jpg\" alt=\"\" width=\"780\" height=\"520\" srcset=\"https:\/\/www.fundacionlazos.com\/website\/wp-content\/uploads\/2020\/06\/Principios-1024x683.jpg 1024w, https:\/\/www.fundacionlazos.com\/website\/wp-content\/uploads\/2020\/06\/Principios-300x200.jpg 300w, https:\/\/www.fundacionlazos.com\/website\/wp-content\/uploads\/2020\/06\/Principios-768x512.jpg 768w, https:\/\/www.fundacionlazos.com\/website\/wp-content\/uploads\/2020\/06\/Principios-1536x1025.jpg 1536w, https:\/\/www.fundacionlazos.com\/website\/wp-content\/uploads\/2020\/06\/Principios-200x133.jpg 200w, https:\/\/www.fundacionlazos.com\/website\/wp-content\/uploads\/2020\/06\/Principios-660x440.jpg 660w, https:\/\/www.fundacionlazos.com\/website\/wp-content\/uploads\/2020\/06\/Principios-250x167.jpg 250w, https:\/\/www.fundacionlazos.com\/website\/wp-content\/uploads\/2020\/06\/Principios-550x367.jpg 550w, https:\/\/www.fundacionlazos.com\/website\/wp-content\/uploads\/2020\/06\/Principios-800x534.jpg 800w, https:\/\/www.fundacionlazos.com\/website\/wp-content\/uploads\/2020\/06\/Principios-270x180.jpg 270w, https:\/\/www.fundacionlazos.com\/website\/wp-content\/uploads\/2020\/06\/Principios-450x300.jpg 450w, https:\/\/www.fundacionlazos.com\/website\/wp-content\/uploads\/2020\/06\/Principios-749x500.jpg 749w, https:\/\/www.fundacionlazos.com\/website\/wp-content\/uploads\/2020\/06\/Principios.jpg 1920w\" sizes=\"(max-width: 780px) 100vw, 780px\" \/><\/p>\n<\/div>\n<\/div>\n<div class=\"row\">\n<div class=\"col-md-12 col-xs-12 col-sm-12 col-lg-12\">\n<ul class=\"\" style=\"margin-top: -13px;\">\n<li style=\"text-align: justify;\">Solos no podemos. Necesitamos ayuda.<\/li>\n<li style=\"text-align: justify;\">Nadie puede elaborar el duelo por nosotros, se requiere de esfuerzo personal.<\/li>\n<li style=\"text-align: justify;\">Acudimos a los grupos de ayuda mutua a recordar a nuestros hijos, no a olvidarlos; a veces con una sonrisa, a veces con una l\u00e1grima.<\/li>\n<li style=\"text-align: justify;\">Todo dolor compartido es dolor diluido.<\/li>\n<li style=\"text-align: justify;\">Tenemos que seguir viviendo, encontrando un nuevo sentido a nuestra vida.<\/li>\n<li style=\"text-align: justify;\">El proceso de recuperaci\u00f3n del duelo tiene que ser lento para que sea eficaz.<\/li>\n<li style=\"text-align: justify;\">Disfrutar, re\u00edr, amar no significa que seamos infieles al recuerdo de nuestros hijos. Ellos no partieron dej\u00e1ndonos la orden de sufrir y auto-castigarnos.<\/li>\n<li style=\"text-align: justify;\">Las personas que participamos en grupos de ayuda mutua tomamos la decisi\u00f3n de seguir viviendo.<\/li>\n<li style=\"text-align: justify;\">El proceso de duelo empieza, cuando podemos hablar hacia adelante, hacia el futuro.<\/li>\n<li style=\"text-align: justify;\">No sigamos perdiendo. Quedamos nosotros y nuestros seres queridos.<\/li>\n<li style=\"text-align: justify;\">No somos enfermos. Somos padres y madres que hemos perdido un hijo o una hija.<\/li>\n<li class=\"\" style=\"text-align: justify;\">Cada duelo es \u00fanico y personal. Est\u00e1 influenciado por la personalidad de cada uno, la edad del hijo que muri\u00f3, las circunstancias de su muerte y otras caracter\u00edsticas m\u00e1s, por lo tanto no pueden ser comparables.<\/li>\n<li>Recordar que venimos a compartir la experiencia (pasado) la fortaleza (presente) y la esperanza (futuro).<\/li>\n<li>&#8220;A pesar de todo, s\u00ed a la vida, d\u00e1ndole a ella un sentido&#8221;<\/li>\n<\/ul>\n<\/div>\n<\/div>\n<\/div>\n<\/div>\n","protected":false},"excerpt":{"rendered":"<p>Es una Fundaci\u00f3n Colombiana sin \u00e1nimo de lucro, que brinda apoyo afectivo y orientaci\u00f3n a padres y madres que han [&hellip;]<\/p>\n","protected":false},"author":1,"featured_media":0,"parent":0,"menu_order":0,"comment_status":"closed","ping_status":"closed","template":"","meta":{"bgseo_title":"","bgseo_description":"","bgseo_robots_index":"index","bgseo_robots_follow":"follow","om_disable_all_campaigns":false,"footnotes":""},"_links":{"self":[{"href":"https:\/\/www.fundacionlazos.com\/website\/wp-json\/wp\/v2\/pages\/30"}],"collection":[{"href":"https:\/\/www.fundacionlazos.com\/website\/wp-json\/wp\/v2\/pages"}],"about":[{"href":"https:\/\/www.fundacionlazos.com\/website\/wp-json\/wp\/v2\/types\/page"}],"author":[{"embeddable":true,"href":"https:\/\/www.fundacionlazos.com\/website\/wp-json\/wp\/v2\/users\/1"}],"replies":[{"embeddable":true,"href":"https:\/\/www.fundacionlazos.com\/website\/wp-json\/wp\/v2\/comments?post=30"}],"version-history":[{"count":10,"href":"https:\/\/www.fundacionlazos.com\/website\/wp-json\/wp\/v2\/pages\/30\/revisions"}],"predecessor-version":[{"id":1279,"href":"https:\/\/www.fundacionlazos.com\/website\/wp-json\/wp\/v2\/pages\/30\/revisions\/1279"}],"wp:attachment":[{"href":"https:\/\/www.fundacionlazos.com\/website\/wp-json\/wp\/v2\/media?parent=30"}],"curies":[{"name":"wp","href":"https:\/\/api.w.org\/{rel}","templated":true}]}}