{"id":487,"date":"2020-06-27T13:50:45","date_gmt":"2020-06-27T18:50:45","guid":{"rendered":"https:\/\/www.fundacionlazos.com\/website\/?page_id=487"},"modified":"2023-09-09T16:56:21","modified_gmt":"2023-09-09T21:56:21","slug":"galeria","status":"publish","type":"page","link":"https:\/\/www.fundacionlazos.com\/website\/galeria\/","title":{"rendered":"Eventos Lazos"},"content":{"rendered":"<div class=\"boldgrid-section\">\n<div class=\"container\">\n<div class=\"row\" style=\"padding-top: 50px; padding-bottom: 50px;\">\n<div class=\"col-lg-4 col-md-4 col-sm-12 col-xs-12\">\n<h2 class=\"\">CEREBRO EN DUELO<\/h2>\n<p class=\"\">Aporte de Fernando Ram\u00edrez pap\u00e1 de Sebasti\u00e1n.<\/p>\n<p><iframe loading=\"lazy\" title=\"Cerebro en duelo | Aporte de Fernando Ram\u00edrez pap\u00e1 de Sebasti\u00e1n\" width=\"500\" height=\"281\" src=\"https:\/\/www.youtube.com\/embed\/_1hc2F3xSVo?feature=oembed\" frameborder=\"0\" allow=\"accelerometer; autoplay; clipboard-write; encrypted-media; gyroscope; picture-in-picture; web-share\" referrerpolicy=\"strict-origin-when-cross-origin\" allowfullscreen><\/iframe><\/p>\n<\/div>\n<div class=\"col-lg-4 col-md-4 col-sm-6 col-xs-12\">\n<h2 class=\"\">TESTIMONIOS<\/h2>\n<p class=\"\">Padres y madres narran su testimonio acerca de la muerte de sus hijos(as) y c\u00f3mo enfrentaron la situaci\u00f3n, desde la ayuda mutua, de un grupo de la Fundaci\u00f3n Lazos.<\/p>\n<p><iframe loading=\"lazy\" title=\"Testimonios\" width=\"500\" height=\"375\" src=\"https:\/\/www.youtube.com\/embed\/eQdRAkKqzk4?feature=oembed\" frameborder=\"0\" allow=\"accelerometer; autoplay; clipboard-write; encrypted-media; gyroscope; picture-in-picture; web-share\" referrerpolicy=\"strict-origin-when-cross-origin\" allowfullscreen><\/iframe><\/p>\n<p class=\"\">&nbsp;<\/p>\n<\/div>\n<div class=\"col-lg-4 col-md-4 col-sm-6 col-xs-12\">\n<h2 class=\"\">AHORA SOMOS SIEMPRE<\/h2>\n<p class=\"\">V\u00eddeo en homenaje a Catalina Baquero, de sus padres Alberto y \u00c1ngela.<\/p>\n<p><iframe loading=\"lazy\" title=\"Ahora Somos Siempre\" width=\"500\" height=\"281\" src=\"https:\/\/www.youtube.com\/embed\/upUTaYN7jqg?feature=oembed\" frameborder=\"0\" allow=\"accelerometer; autoplay; clipboard-write; encrypted-media; gyroscope; picture-in-picture; web-share\" referrerpolicy=\"strict-origin-when-cross-origin\" allowfullscreen><\/iframe><\/p>\n<\/div>\n<\/div>\n<\/div>\n<\/div>\n<div class=\"color3-background-color color-3-text-contrast bg-background-color tmpl-gallery-12 boldgrid-section dynamic-gridblock\" style=\"border-width: 0px;\">\n<div class=\"container\">\n<div class=\"row\" style=\"padding-top: 42px; padding-bottom: 42px; border-width: 0px;\">\n<div class=\"col-md-6 col-sm-12 col-xs-12 col-lg-6\">\n<p class=\"\" style=\"margin-top: 25px;\"><a href=\"https:\/\/www.fundacionlazos.com\/website\/wp-content\/uploads\/2023\/03\/FOTO-ACTIVIDADF-CALI-1-rotated.jpg\"><img loading=\"lazy\" decoding=\"async\" class=\"bg-img alignnone wp-image-1029 size-full\" src=\"https:\/\/www.fundacionlazos.com\/website\/wp-content\/uploads\/2023\/03\/FOTO-ACTIVIDADF-CALI-1-rotated.jpg\" alt=\"\" width=\"480\" height=\"640\" srcset=\"https:\/\/www.fundacionlazos.com\/website\/wp-content\/uploads\/2023\/03\/FOTO-ACTIVIDADF-CALI-1-rotated.jpg 480w, https:\/\/www.fundacionlazos.com\/website\/wp-content\/uploads\/2023\/03\/FOTO-ACTIVIDADF-CALI-1-225x300.jpg 225w, https:\/\/www.fundacionlazos.com\/website\/wp-content\/uploads\/2023\/03\/FOTO-ACTIVIDADF-CALI-1-320x427.jpg 320w, https:\/\/www.fundacionlazos.com\/website\/wp-content\/uploads\/2023\/03\/FOTO-ACTIVIDADF-CALI-1-250x333.jpg 250w, https:\/\/www.fundacionlazos.com\/website\/wp-content\/uploads\/2023\/03\/FOTO-ACTIVIDADF-CALI-1-135x180.jpg 135w, https:\/\/www.fundacionlazos.com\/website\/wp-content\/uploads\/2023\/03\/FOTO-ACTIVIDADF-CALI-1-375x500.jpg 375w\" sizes=\"(max-width: 480px) 100vw, 480px\" \/><\/a><\/p>\n<h2 class=\"\" style=\"margin-top: 30px;\">Encuentro nacional en Cali, julio 9\/10 de 2.022<\/h2>\n<p class=\"\">La Fundaci\u00f3n realiza todos los a\u00f1os pares, un encuentro nacional en alguna de las ciudades donde exista un grupo de ayuda mutua de Lazos.<\/p>\n<p class=\"\">Dentro de las actividades del encuentro se realiz\u00f3 un taller denominado <strong>&#8220;La vasija de barro&#8221;<\/strong> que tuvo como objetivo reconstruir una vasija que hab\u00eda sido rota previamente. El taller ten\u00eda una similitud con el afrontamiento del proceso del duelo de los padres y madres de Lazos.<\/p>\n<p class=\"\">&nbsp;<\/p>\n<\/div>\n<div class=\"col-md-3 col-sm-6 col-xs-6 col-lg-3\">\n<p class=\"\" style=\"margin-top: 25px;\"><a href=\"https:\/\/www.fundacionlazos.com\/website\/wp-content\/uploads\/2023\/03\/FOTO-ACTIVIDAD-CALI-10-rotated.jpg\"><img loading=\"lazy\" decoding=\"async\" class=\"bg-img alignnone wp-image-1037 size-full\" src=\"https:\/\/www.fundacionlazos.com\/website\/wp-content\/uploads\/2023\/03\/FOTO-ACTIVIDAD-CALI-10-rotated.jpg\" alt=\"\" width=\"480\" height=\"640\" srcset=\"https:\/\/www.fundacionlazos.com\/website\/wp-content\/uploads\/2023\/03\/FOTO-ACTIVIDAD-CALI-10-rotated.jpg 480w, https:\/\/www.fundacionlazos.com\/website\/wp-content\/uploads\/2023\/03\/FOTO-ACTIVIDAD-CALI-10-225x300.jpg 225w, https:\/\/www.fundacionlazos.com\/website\/wp-content\/uploads\/2023\/03\/FOTO-ACTIVIDAD-CALI-10-320x427.jpg 320w, https:\/\/www.fundacionlazos.com\/website\/wp-content\/uploads\/2023\/03\/FOTO-ACTIVIDAD-CALI-10-250x333.jpg 250w, https:\/\/www.fundacionlazos.com\/website\/wp-content\/uploads\/2023\/03\/FOTO-ACTIVIDAD-CALI-10-135x180.jpg 135w, https:\/\/www.fundacionlazos.com\/website\/wp-content\/uploads\/2023\/03\/FOTO-ACTIVIDAD-CALI-10-375x500.jpg 375w\" sizes=\"(max-width: 480px) 100vw, 480px\" \/><\/a><\/p>\n<p class=\"\" style=\"margin-top: 25px;\"><a href=\"https:\/\/www.fundacionlazos.com\/website\/wp-content\/uploads\/2023\/03\/FOTO-ACTIVIDAD-CALI-3-rotated.jpg\"><img loading=\"lazy\" decoding=\"async\" class=\"bg-img alignnone wp-image-1032 size-full\" src=\"https:\/\/www.fundacionlazos.com\/website\/wp-content\/uploads\/2023\/03\/FOTO-ACTIVIDAD-CALI-3-rotated.jpg\" alt=\"\" width=\"480\" height=\"640\" srcset=\"https:\/\/www.fundacionlazos.com\/website\/wp-content\/uploads\/2023\/03\/FOTO-ACTIVIDAD-CALI-3-rotated.jpg 480w, https:\/\/www.fundacionlazos.com\/website\/wp-content\/uploads\/2023\/03\/FOTO-ACTIVIDAD-CALI-3-225x300.jpg 225w, https:\/\/www.fundacionlazos.com\/website\/wp-content\/uploads\/2023\/03\/FOTO-ACTIVIDAD-CALI-3-320x427.jpg 320w, https:\/\/www.fundacionlazos.com\/website\/wp-content\/uploads\/2023\/03\/FOTO-ACTIVIDAD-CALI-3-250x333.jpg 250w, https:\/\/www.fundacionlazos.com\/website\/wp-content\/uploads\/2023\/03\/FOTO-ACTIVIDAD-CALI-3-135x180.jpg 135w, https:\/\/www.fundacionlazos.com\/website\/wp-content\/uploads\/2023\/03\/FOTO-ACTIVIDAD-CALI-3-375x500.jpg 375w\" sizes=\"(max-width: 480px) 100vw, 480px\" \/><\/a><\/p>\n<p class=\"\" style=\"margin-top: 25px;\"><a href=\"https:\/\/www.fundacionlazos.com\/website\/wp-content\/uploads\/2023\/03\/FOTO-ACTIVIDAD-CALI-5-rotated.jpg\"><img loading=\"lazy\" decoding=\"async\" class=\"bg-img alignnone wp-image-1034 size-full\" src=\"https:\/\/www.fundacionlazos.com\/website\/wp-content\/uploads\/2023\/03\/FOTO-ACTIVIDAD-CALI-5-rotated.jpg\" alt=\"\" width=\"480\" height=\"640\" srcset=\"https:\/\/www.fundacionlazos.com\/website\/wp-content\/uploads\/2023\/03\/FOTO-ACTIVIDAD-CALI-5-rotated.jpg 480w, https:\/\/www.fundacionlazos.com\/website\/wp-content\/uploads\/2023\/03\/FOTO-ACTIVIDAD-CALI-5-225x300.jpg 225w, https:\/\/www.fundacionlazos.com\/website\/wp-content\/uploads\/2023\/03\/FOTO-ACTIVIDAD-CALI-5-320x427.jpg 320w, https:\/\/www.fundacionlazos.com\/website\/wp-content\/uploads\/2023\/03\/FOTO-ACTIVIDAD-CALI-5-250x333.jpg 250w, https:\/\/www.fundacionlazos.com\/website\/wp-content\/uploads\/2023\/03\/FOTO-ACTIVIDAD-CALI-5-135x180.jpg 135w, https:\/\/www.fundacionlazos.com\/website\/wp-content\/uploads\/2023\/03\/FOTO-ACTIVIDAD-CALI-5-375x500.jpg 375w\" sizes=\"(max-width: 480px) 100vw, 480px\" \/><\/a><\/p>\n<p class=\"\" style=\"margin-top: 25px;\"><a href=\"https:\/\/www.fundacionlazos.com\/website\/wp-content\/uploads\/2023\/04\/FOTO-ACTIVIDAD-CALI-rotated.jpg\"><img loading=\"lazy\" decoding=\"async\" class=\"bg-img alignnone wp-image-1057 size-full\" src=\"https:\/\/www.fundacionlazos.com\/website\/wp-content\/uploads\/2023\/04\/FOTO-ACTIVIDAD-CALI-rotated.jpg\" alt=\"\" width=\"480\" height=\"640\" srcset=\"https:\/\/www.fundacionlazos.com\/website\/wp-content\/uploads\/2023\/04\/FOTO-ACTIVIDAD-CALI-rotated.jpg 480w, https:\/\/www.fundacionlazos.com\/website\/wp-content\/uploads\/2023\/04\/FOTO-ACTIVIDAD-CALI-225x300.jpg 225w, https:\/\/www.fundacionlazos.com\/website\/wp-content\/uploads\/2023\/04\/FOTO-ACTIVIDAD-CALI-320x427.jpg 320w, https:\/\/www.fundacionlazos.com\/website\/wp-content\/uploads\/2023\/04\/FOTO-ACTIVIDAD-CALI-250x333.jpg 250w, https:\/\/www.fundacionlazos.com\/website\/wp-content\/uploads\/2023\/04\/FOTO-ACTIVIDAD-CALI-135x180.jpg 135w, https:\/\/www.fundacionlazos.com\/website\/wp-content\/uploads\/2023\/04\/FOTO-ACTIVIDAD-CALI-375x500.jpg 375w\" sizes=\"(max-width: 480px) 100vw, 480px\" \/><\/a><\/p>\n<\/div>\n<div class=\"col-md-3 col-sm-6 col-xs-6 col-lg-3\">\n<p class=\"\" style=\"margin-top: 25px;\"><a href=\"https:\/\/www.fundacionlazos.com\/website\/wp-content\/uploads\/2023\/03\/FOTO-ACTIVIDAD-CALI-6-rotated.jpg\"><img loading=\"lazy\" decoding=\"async\" class=\"bg-img alignnone wp-image-1035 size-full\" src=\"https:\/\/www.fundacionlazos.com\/website\/wp-content\/uploads\/2023\/03\/FOTO-ACTIVIDAD-CALI-6-rotated.jpg\" alt=\"\" width=\"480\" height=\"640\" srcset=\"https:\/\/www.fundacionlazos.com\/website\/wp-content\/uploads\/2023\/03\/FOTO-ACTIVIDAD-CALI-6-rotated.jpg 480w, https:\/\/www.fundacionlazos.com\/website\/wp-content\/uploads\/2023\/03\/FOTO-ACTIVIDAD-CALI-6-225x300.jpg 225w, https:\/\/www.fundacionlazos.com\/website\/wp-content\/uploads\/2023\/03\/FOTO-ACTIVIDAD-CALI-6-320x427.jpg 320w, https:\/\/www.fundacionlazos.com\/website\/wp-content\/uploads\/2023\/03\/FOTO-ACTIVIDAD-CALI-6-250x333.jpg 250w, https:\/\/www.fundacionlazos.com\/website\/wp-content\/uploads\/2023\/03\/FOTO-ACTIVIDAD-CALI-6-135x180.jpg 135w, https:\/\/www.fundacionlazos.com\/website\/wp-content\/uploads\/2023\/03\/FOTO-ACTIVIDAD-CALI-6-375x500.jpg 375w\" sizes=\"(max-width: 480px) 100vw, 480px\" \/><\/a><\/p>\n<p class=\"\" style=\"margin-top: 25px;\"><a href=\"https:\/\/www.fundacionlazos.com\/website\/wp-content\/uploads\/2023\/03\/FOTO-ACTIVIDAD-CALI-2-rotated.jpg\"><img loading=\"lazy\" decoding=\"async\" class=\"bg-img alignnone wp-image-1031 size-full\" src=\"https:\/\/www.fundacionlazos.com\/website\/wp-content\/uploads\/2023\/03\/FOTO-ACTIVIDAD-CALI-2-rotated.jpg\" alt=\"\" width=\"480\" height=\"640\" srcset=\"https:\/\/www.fundacionlazos.com\/website\/wp-content\/uploads\/2023\/03\/FOTO-ACTIVIDAD-CALI-2-rotated.jpg 480w, https:\/\/www.fundacionlazos.com\/website\/wp-content\/uploads\/2023\/03\/FOTO-ACTIVIDAD-CALI-2-225x300.jpg 225w, https:\/\/www.fundacionlazos.com\/website\/wp-content\/uploads\/2023\/03\/FOTO-ACTIVIDAD-CALI-2-320x427.jpg 320w, https:\/\/www.fundacionlazos.com\/website\/wp-content\/uploads\/2023\/03\/FOTO-ACTIVIDAD-CALI-2-250x333.jpg 250w, https:\/\/www.fundacionlazos.com\/website\/wp-content\/uploads\/2023\/03\/FOTO-ACTIVIDAD-CALI-2-135x180.jpg 135w, https:\/\/www.fundacionlazos.com\/website\/wp-content\/uploads\/2023\/03\/FOTO-ACTIVIDAD-CALI-2-375x500.jpg 375w\" sizes=\"(max-width: 480px) 100vw, 480px\" \/><\/a><\/p>\n<p class=\"\" style=\"margin-top: 25px;\"><a href=\"https:\/\/www.fundacionlazos.com\/website\/wp-content\/uploads\/2023\/03\/FOTO-ACTIVIDAD-CALI-4-rotated.jpg\"><img loading=\"lazy\" decoding=\"async\" class=\"bg-img alignnone wp-image-1033 size-full\" src=\"https:\/\/www.fundacionlazos.com\/website\/wp-content\/uploads\/2023\/03\/FOTO-ACTIVIDAD-CALI-4-rotated.jpg\" alt=\"\" width=\"480\" height=\"640\" srcset=\"https:\/\/www.fundacionlazos.com\/website\/wp-content\/uploads\/2023\/03\/FOTO-ACTIVIDAD-CALI-4-rotated.jpg 480w, https:\/\/www.fundacionlazos.com\/website\/wp-content\/uploads\/2023\/03\/FOTO-ACTIVIDAD-CALI-4-225x300.jpg 225w, https:\/\/www.fundacionlazos.com\/website\/wp-content\/uploads\/2023\/03\/FOTO-ACTIVIDAD-CALI-4-320x427.jpg 320w, https:\/\/www.fundacionlazos.com\/website\/wp-content\/uploads\/2023\/03\/FOTO-ACTIVIDAD-CALI-4-250x333.jpg 250w, https:\/\/www.fundacionlazos.com\/website\/wp-content\/uploads\/2023\/03\/FOTO-ACTIVIDAD-CALI-4-135x180.jpg 135w, https:\/\/www.fundacionlazos.com\/website\/wp-content\/uploads\/2023\/03\/FOTO-ACTIVIDAD-CALI-4-375x500.jpg 375w\" sizes=\"(max-width: 480px) 100vw, 480px\" \/><\/a><\/p>\n<p class=\"\" style=\"margin-top: 25px;\"><a href=\"https:\/\/www.fundacionlazos.com\/website\/wp-content\/uploads\/2023\/03\/FOTO-ACTIVIDAD-CALI-9-rotated.jpg\"><img loading=\"lazy\" decoding=\"async\" class=\"bg-img alignnone wp-image-1036 size-full\" src=\"https:\/\/www.fundacionlazos.com\/website\/wp-content\/uploads\/2023\/03\/FOTO-ACTIVIDAD-CALI-9-rotated.jpg\" alt=\"\" width=\"480\" height=\"640\" srcset=\"https:\/\/www.fundacionlazos.com\/website\/wp-content\/uploads\/2023\/03\/FOTO-ACTIVIDAD-CALI-9-rotated.jpg 480w, https:\/\/www.fundacionlazos.com\/website\/wp-content\/uploads\/2023\/03\/FOTO-ACTIVIDAD-CALI-9-225x300.jpg 225w, https:\/\/www.fundacionlazos.com\/website\/wp-content\/uploads\/2023\/03\/FOTO-ACTIVIDAD-CALI-9-320x427.jpg 320w, https:\/\/www.fundacionlazos.com\/website\/wp-content\/uploads\/2023\/03\/FOTO-ACTIVIDAD-CALI-9-250x333.jpg 250w, https:\/\/www.fundacionlazos.com\/website\/wp-content\/uploads\/2023\/03\/FOTO-ACTIVIDAD-CALI-9-135x180.jpg 135w, https:\/\/www.fundacionlazos.com\/website\/wp-content\/uploads\/2023\/03\/FOTO-ACTIVIDAD-CALI-9-375x500.jpg 375w\" sizes=\"(max-width: 480px) 100vw, 480px\" \/><\/a><\/p>\n<\/div>\n<\/div>\n<\/div>\n<\/div>\n<div class=\"tmpl-gallery-12 boldgrid-section dynamic-gridblock\" style=\"border-width: 0px; background-image: linear-gradient(#0d47a1, #bbdefb);\" data-bg-color-1=\"#0d47a1\" data-bg-color-2=\"#bbdefb\" data-bg-direction=\"to bottom\">\n<div class=\"container\">\n<div class=\"row\" style=\"padding-top: 42px; padding-bottom: 42px;\">\n<div class=\"col-md-6 col-sm-12 col-xs-12 col-lg-6\">\n<p class=\"\" style=\"margin-top: 25px;\"><a href=\"https:\/\/www.fundacionlazos.com\/website\/wp-content\/uploads\/2020\/06\/Foto-8.jpg\"><img loading=\"lazy\" decoding=\"async\" class=\"bg-img alignnone wp-image-506 size-full\" src=\"https:\/\/www.fundacionlazos.com\/website\/wp-content\/uploads\/2020\/06\/0_28_750_521.484375_Foto-8-1024x768.jpg\" alt=\"\" width=\"750\" height=\"521\"><\/a><\/p>\n<h2 class=\"\" style=\"margin-top: 30px;\">Encuentro Regional Bogot\u00e1, 2019<\/h2>\n<p class=\"\">La Fundaci\u00f3n Lazos, realiza en los a\u00f1os impares, un encuentro regional.<\/p>\n<p class=\"\">En el a\u00f1o 2019, Bogot\u00e1 realiz\u00f3 su encuentro con una participaci\u00f3n de 106 asistentes, entre padres, madres, hermanos y hermanas.<\/p>\n<p class=\"\">Dentro de las actividades realizadas se cont\u00f3 con la participaci\u00f3n del psic\u00f3logo logoterapeuta, Juan Pablo D\u00edaz del Castillo.<\/p>\n<p class=\"\">&nbsp;<\/p>\n<\/div>\n<div class=\"col-md-3 col-sm-6 col-xs-6 col-lg-3\">\n<p class=\"\" style=\"margin-top: 25px;\"><a href=\"https:\/\/www.fundacionlazos.com\/website\/wp-content\/uploads\/2020\/06\/Foto-23.jpg\"><img loading=\"lazy\" decoding=\"async\" class=\"bg-img alignnone wp-image-520 size-full\" src=\"https:\/\/www.fundacionlazos.com\/website\/wp-content\/uploads\/2020\/06\/0_64_400_250_Foto-23-1024x768.jpg\" alt=\"\" width=\"400\" height=\"250\"><\/a><\/p>\n<p class=\"\" style=\"margin-top: 25px;\"><a href=\"https:\/\/www.fundacionlazos.com\/website\/wp-content\/uploads\/2020\/06\/Foto-21.jpg\"><img loading=\"lazy\" decoding=\"async\" class=\"bg-img alignnone wp-image-518 size-full\" src=\"https:\/\/www.fundacionlazos.com\/website\/wp-content\/uploads\/2020\/06\/0_64_400_250_Foto-21-1024x768.jpg\" alt=\"\" width=\"400\" height=\"250\"><\/a><\/p>\n<p class=\"\" style=\"margin-top: 25px;\"><a href=\"https:\/\/www.fundacionlazos.com\/website\/wp-content\/uploads\/2020\/06\/Foto-24.jpg\"><img loading=\"lazy\" decoding=\"async\" class=\"bg-img alignnone wp-image-521 size-full\" src=\"https:\/\/www.fundacionlazos.com\/website\/wp-content\/uploads\/2020\/06\/0_65_400_250_Foto-24-1024x768.jpg\" alt=\"\" width=\"400\" height=\"250\"><\/a><\/p>\n<p class=\"\" style=\"margin-top: 25px;\"><a href=\"https:\/\/www.fundacionlazos.com\/website\/wp-content\/uploads\/2020\/06\/foto13.jpg\"><img loading=\"lazy\" decoding=\"async\" class=\"bg-img alignnone wp-image-522 size-full\" src=\"https:\/\/www.fundacionlazos.com\/website\/wp-content\/uploads\/2020\/06\/0_64_400_250_foto13-1024x768.jpg\" alt=\"\" width=\"400\" height=\"250\"><\/a><\/p>\n<\/div>\n<div class=\"col-md-3 col-sm-6 col-xs-6 col-lg-3\">\n<p class=\"\" style=\"margin-top: 25px;\"><a href=\"https:\/\/www.fundacionlazos.com\/website\/wp-content\/uploads\/2020\/06\/Foto-22.jpg\"><img loading=\"lazy\" decoding=\"async\" class=\"bg-img alignnone wp-image-519 size-full\" src=\"https:\/\/www.fundacionlazos.com\/website\/wp-content\/uploads\/2020\/06\/0_64_400_250_Foto-22-1024x768.jpg\" alt=\"\" width=\"400\" height=\"250\"><\/a><\/p>\n<p class=\"\" style=\"margin-top: 25px;\"><a href=\"https:\/\/www.fundacionlazos.com\/website\/wp-content\/uploads\/2020\/06\/foto-11.jpg\"><img loading=\"lazy\" decoding=\"async\" class=\"bg-img alignnone wp-image-509 size-full\" src=\"https:\/\/www.fundacionlazos.com\/website\/wp-content\/uploads\/2020\/06\/0_64_400_250_foto-11-1024x768.jpg\" alt=\"\" width=\"400\" height=\"250\"><\/a><\/p>\n<p class=\"\" style=\"margin-top: 25px;\"><a href=\"https:\/\/www.fundacionlazos.com\/website\/wp-content\/uploads\/2020\/06\/Foto-9.jpg\"><img loading=\"lazy\" decoding=\"async\" class=\"bg-img alignnone wp-image-507 size-full\" src=\"https:\/\/www.fundacionlazos.com\/website\/wp-content\/uploads\/2020\/06\/0_64_400_250_Foto-9-1024x768.jpg\" alt=\"\" width=\"400\" height=\"250\"><\/a><\/p>\n<p class=\"\" style=\"margin-top: 25px;\"><a href=\"https:\/\/www.fundacionlazos.com\/website\/wp-content\/uploads\/2020\/06\/foto-10.jpg\"><img loading=\"lazy\" decoding=\"async\" class=\"bg-img alignnone wp-image-508 size-full\" src=\"https:\/\/www.fundacionlazos.com\/website\/wp-content\/uploads\/2020\/06\/0_127_400_250_foto-10-1024x768.jpg\" alt=\"\" width=\"400\" height=\"250\"><\/a><\/p>\n<\/div>\n<\/div>\n<\/div>\n<\/div>\n<div class=\"tmpl-gallery-12 boldgrid-section dynamic-gridblock\" style=\"border-width: 0px; background-image: linear-gradient(to left, #a1ffce, #faffd1);\" data-bg-color-1=\"#A1FFCE\" data-bg-color-2=\"#FAFFD1\" data-bg-direction=\"to left\">\n<div class=\"container\">\n<div class=\"row\" style=\"padding-top: 42px; padding-bottom: 42px;\">\n<div class=\"col-md-6 col-sm-12 col-xs-12 col-lg-6\">\n<p class=\"\" style=\"margin-top: 25px;\"><a href=\"https:\/\/www.fundacionlazos.com\/website\/wp-content\/uploads\/2020\/06\/Foto-7.jpg\"><img loading=\"lazy\" decoding=\"async\" class=\"bg-img alignnone wp-image-505 size-full\" src=\"https:\/\/www.fundacionlazos.com\/website\/wp-content\/uploads\/2020\/06\/0_28_750_521.484375_Foto-7-1024x768.jpg\" alt=\"\" width=\"750\" height=\"521\"><\/a><\/p>\n<h2 class=\"\" style=\"margin-top: 30px;\">Cometas al viento.<\/h2>\n<p class=\"\">Evento anual de Lazos.<\/p>\n<p class=\"\">Deja volar la imaginaci\u00f3n, para que la cometa entregue mensajes de amor a todos nuestros hijos e hijas<\/p>\n<p class=\"\">&nbsp;<\/p>\n<p class=\"\">&nbsp;<\/p>\n<\/div>\n<div class=\"col-md-3 col-sm-6 col-xs-6 col-lg-3\">\n<p class=\"\" style=\"margin-top: 25px;\"><a href=\"https:\/\/www.fundacionlazos.com\/website\/wp-content\/uploads\/2020\/06\/Foto-5.jpg\"><img loading=\"lazy\" decoding=\"async\" class=\"bg-img alignnone wp-image-503 size-full\" src=\"https:\/\/www.fundacionlazos.com\/website\/wp-content\/uploads\/2020\/06\/0_32_400_250_Foto-5-1024x768.jpg\" alt=\"\" width=\"400\" height=\"250\"><\/a><\/p>\n<p class=\"\" style=\"margin-top: 25px;\"><a href=\"https:\/\/www.fundacionlazos.com\/website\/wp-content\/uploads\/2020\/06\/Foto-4.jpg\"><img loading=\"lazy\" decoding=\"async\" class=\"bg-img alignnone wp-image-502 size-full\" src=\"https:\/\/www.fundacionlazos.com\/website\/wp-content\/uploads\/2020\/06\/0_3_400_250_Foto-4-1024x768.jpg\" alt=\"\" width=\"400\" height=\"250\"><\/a><\/p>\n<p class=\"\" style=\"margin-top: 25px;\"><a href=\"https:\/\/www.fundacionlazos.com\/website\/wp-content\/uploads\/2020\/06\/Foto-6.jpg\"><img loading=\"lazy\" decoding=\"async\" class=\"bg-img alignnone wp-image-504 size-full\" src=\"https:\/\/www.fundacionlazos.com\/website\/wp-content\/uploads\/2020\/06\/0_33_400_250_Foto-6-1024x768.jpg\" alt=\"\" width=\"400\" height=\"250\"><\/a><\/p>\n<p class=\"\" style=\"margin-top: 25px;\"><a href=\"https:\/\/www.fundacionlazos.com\/website\/wp-content\/uploads\/2023\/04\/Cometas.jpeg\"><img loading=\"lazy\" decoding=\"async\" class=\"bg-img alignnone wp-image-1083 size-full\" src=\"https:\/\/www.fundacionlazos.com\/website\/wp-content\/uploads\/2023\/04\/Cometas.jpeg\" alt=\"\" width=\"640\" height=\"480\" srcset=\"https:\/\/www.fundacionlazos.com\/website\/wp-content\/uploads\/2023\/04\/Cometas.jpeg 640w, https:\/\/www.fundacionlazos.com\/website\/wp-content\/uploads\/2023\/04\/Cometas-300x225.jpeg 300w, https:\/\/www.fundacionlazos.com\/website\/wp-content\/uploads\/2023\/04\/Cometas-320x240.jpeg 320w, https:\/\/www.fundacionlazos.com\/website\/wp-content\/uploads\/2023\/04\/Cometas-480x360.jpeg 480w, https:\/\/www.fundacionlazos.com\/website\/wp-content\/uploads\/2023\/04\/Cometas-250x188.jpeg 250w, https:\/\/www.fundacionlazos.com\/website\/wp-content\/uploads\/2023\/04\/Cometas-550x413.jpeg 550w, https:\/\/www.fundacionlazos.com\/website\/wp-content\/uploads\/2023\/04\/Cometas-240x180.jpeg 240w, https:\/\/www.fundacionlazos.com\/website\/wp-content\/uploads\/2023\/04\/Cometas-400x300.jpeg 400w\" sizes=\"(max-width: 640px) 100vw, 640px\" \/><\/a><\/p>\n<\/div>\n<div class=\"col-md-3 col-sm-6 col-xs-6 col-lg-3\">\n<p class=\"\" style=\"margin-top: 25px;\"><a href=\"https:\/\/www.fundacionlazos.com\/website\/wp-content\/uploads\/2020\/06\/Foto-2.jpg\"><img loading=\"lazy\" decoding=\"async\" class=\"bg-img alignnone wp-image-500 size-full\" src=\"https:\/\/www.fundacionlazos.com\/website\/wp-content\/uploads\/2020\/06\/0_44_400_250_Foto-2-1024x768.jpg\" alt=\"\" width=\"400\" height=\"250\"><\/a><\/p>\n<p class=\"\" style=\"margin-top: 25px;\"><a href=\"https:\/\/www.fundacionlazos.com\/website\/wp-content\/uploads\/2020\/06\/Foto-3.jpg\"><img loading=\"lazy\" decoding=\"async\" class=\"bg-img alignnone wp-image-501 size-full\" src=\"https:\/\/www.fundacionlazos.com\/website\/wp-content\/uploads\/2020\/06\/0_49_400_250_Foto-3-1024x768.jpg\" alt=\"\" width=\"400\" height=\"250\"><\/a><\/p>\n<p class=\"\" style=\"margin-top: 25px;\"><a href=\"https:\/\/www.fundacionlazos.com\/website\/wp-content\/uploads\/2023\/04\/cometas-3.jpeg\"><img loading=\"lazy\" decoding=\"async\" class=\"bg-img alignnone wp-image-1082 size-full\" src=\"https:\/\/www.fundacionlazos.com\/website\/wp-content\/uploads\/2023\/04\/0_10_300_169_cometas-3-300x225.jpeg\" alt=\"\" width=\"300\" height=\"169\" srcset=\"https:\/\/www.fundacionlazos.com\/website\/wp-content\/uploads\/2023\/04\/0_10_300_169_cometas-3-300x225.jpeg 300w, https:\/\/www.fundacionlazos.com\/website\/wp-content\/uploads\/2023\/04\/0_60_640_360_cometas-3.jpeg 640w\" sizes=\"(max-width: 300px) 100vw, 300px\" \/><\/a><\/p>\n<p class=\"\" style=\"margin-top: 25px;\"><a href=\"https:\/\/www.fundacionlazos.com\/website\/wp-content\/uploads\/2023\/04\/cometas2.jpeg\"><img loading=\"lazy\" decoding=\"async\" class=\"bg-img alignnone wp-image-1084 size-full\" src=\"https:\/\/www.fundacionlazos.com\/website\/wp-content\/uploads\/2023\/04\/0_0_400_250_cometas2.jpeg\" alt=\"\" width=\"400\" height=\"250\"><\/a><\/p>\n<\/div>\n<\/div>\n<\/div>\n<\/div>\n<div class=\"boldgrid-section color1-background-color color-1-text-contrast bg-background-color\" style=\"border-width: 0px;\">\n<div class=\"container\"><\/div>\n<\/div>\n<div class=\"boldgrid-section\">\n<div class=\"container\"><\/div>\n<\/div>\n<div class=\"boldgrid-section\">\n<div class=\"container\"><\/div>\n<\/div>\n","protected":false},"excerpt":{"rendered":"<p>CEREBRO EN DUELO Aporte de Fernando Ram\u00edrez pap\u00e1 de Sebasti\u00e1n. TESTIMONIOS Padres y madres narran su testimonio acerca de la [&hellip;]<\/p>\n","protected":false},"author":1,"featured_media":0,"parent":0,"menu_order":0,"comment_status":"closed","ping_status":"closed","template":"","meta":{"bgseo_title":"","bgseo_description":"","bgseo_robots_index":"index","bgseo_robots_follow":"follow","om_disable_all_campaigns":false,"footnotes":""},"_links":{"self":[{"href":"https:\/\/www.fundacionlazos.com\/website\/wp-json\/wp\/v2\/pages\/487"}],"collection":[{"href":"https:\/\/www.fundacionlazos.com\/website\/wp-json\/wp\/v2\/pages"}],"about":[{"href":"https:\/\/www.fundacionlazos.com\/website\/wp-json\/wp\/v2\/types\/page"}],"author":[{"embeddable":true,"href":"https:\/\/www.fundacionlazos.com\/website\/wp-json\/wp\/v2\/users\/1"}],"replies":[{"embeddable":true,"href":"https:\/\/www.fundacionlazos.com\/website\/wp-json\/wp\/v2\/comments?post=487"}],"version-history":[{"count":10,"href":"https:\/\/www.fundacionlazos.com\/website\/wp-json\/wp\/v2\/pages\/487\/revisions"}],"predecessor-version":[{"id":587,"href":"https:\/\/www.fundacionlazos.com\/website\/wp-json\/wp\/v2\/pages\/487\/revisions\/587"}],"wp:attachment":[{"href":"https:\/\/www.fundacionlazos.com\/website\/wp-json\/wp\/v2\/media?parent=487"}],"curies":[{"name":"wp","href":"https:\/\/api.w.org\/{rel}","templated":true}]}}