{"id":489,"date":"2020-06-27T13:50:45","date_gmt":"2020-06-27T18:50:45","guid":{"rendered":"https:\/\/www.fundacionlazos.com\/website\/?page_id=489"},"modified":"2023-02-23T10:56:50","modified_gmt":"2023-02-23T15:56:50","slug":"tejiendo-lazos","status":"publish","type":"page","link":"https:\/\/www.fundacionlazos.com\/website\/tejiendo-lazos\/","title":{"rendered":"Tejiendo lazos"},"content":{"rendered":"<div class=\"color-neutral-background-color color-neutral-text-contrast bg-background-color tmpl-testimonial-3 boldgrid-section dynamic-gridblock\">\n<div class=\"container\">\n<div class=\"row\" style=\"padding-top: 0px; padding-bottom: 0px;\">\n<div class=\"col-md-12 col-sm-12 col-xs-12 text-center\">\n<p class=\"mod-reset\"><img loading=\"lazy\" decoding=\"async\" class=\"aligncenter size-full wp-image-563\" src=\"https:\/\/www.fundacionlazos.com\/website\/wp-content\/uploads\/2020\/06\/TejiendoLazos.png\" alt=\"\" width=\"350\" height=\"70\" srcset=\"https:\/\/www.fundacionlazos.com\/website\/wp-content\/uploads\/2020\/06\/TejiendoLazos.png 350w, https:\/\/www.fundacionlazos.com\/website\/wp-content\/uploads\/2020\/06\/TejiendoLazos-300x60.png 300w, https:\/\/www.fundacionlazos.com\/website\/wp-content\/uploads\/2020\/06\/TejiendoLazos-250x50.png 250w\" sizes=\"(max-width: 350px) 100vw, 350px\" \/><\/p>\n<\/div>\n<\/div>\n<div class=\"row\" style=\"padding-top: 40px; padding-bottom: 0px; background-image: linear-gradient(to left, #adec69, #2196f3); border-radius: 20px;\" data-bg-color-1=\"#adec69\" data-bg-color-2=\"#2196f3\" data-bg-direction=\"to left\">\n<div class=\"col-md-3 col-sm-6 col-xs-12 text-center\">\n<p class=\"mod-reset\"><a href=\"http:\/\/www.renacer-mexico.org.mx\/inicio.html\" target=\"_blank\" rel=\"noopener noreferrer\"><img loading=\"lazy\" decoding=\"async\" class=\"bg-img bg-img-1 alignnone wp-image-566 size-full\" src=\"https:\/\/www.fundacionlazos.com\/website\/wp-content\/uploads\/2020\/06\/205_0_200_200_renacerMexico-768x358.jpg\" alt=\"\" width=\"200\" height=\"200\" srcset=\"https:\/\/www.fundacionlazos.com\/website\/wp-content\/uploads\/2020\/06\/205_0_200_200_renacerMexico-768x358.jpg 200w, https:\/\/www.fundacionlazos.com\/website\/wp-content\/uploads\/2020\/06\/renacerMexico-150x150.jpg 150w, https:\/\/www.fundacionlazos.com\/website\/wp-content\/uploads\/2020\/06\/renacerMexico-48x48.jpg 48w, https:\/\/www.fundacionlazos.com\/website\/wp-content\/uploads\/2020\/06\/renacerMexico-300x300.jpg 300w\" sizes=\"(max-width: 200px) 100vw, 200px\" \/><\/a><\/p>\n<p class=\"h3\" style=\"text-transform: uppercase; font-size: 20px; margin-top: -1px;\">Renacer M\u00e9xico<\/p>\n<div class=\"row\">\n<div class=\"col-md-12 col-sm-12 col-xs-12\">\n<div class=\"bg-box-1 color4-background-color color-4-text-contrast bg-background-color bg-box\" style=\"padding: 15px 10px; border-top: 10px solid; margin-bottom: 20px;\">\n<p class=\"\" style=\"font-style: italic; font-size: 0.9em; margin: 0px;\"><em><strong>Queridos mam\u00e1s y pap\u00e1s<\/strong><br \/>\nLa p\u00e9rdida de un hijo es la experiencia m\u00e1s cercana a la propia muerte que pueda padecer un ser humano.<\/em><em><br \/>\n<\/em><\/p>\n<\/div>\n<\/div>\n<\/div>\n<\/div>\n<div class=\"col-md-3 col-sm-6 col-xs-12 text-center\">\n<p class=\"mod-reset\"><a href=\"https:\/\/gruporenacer.wordpress.com\/\" target=\"_blank\" rel=\"noopener noreferrer\"><img loading=\"lazy\" decoding=\"async\" class=\"bg-img bg-img-1 aligncenter wp-image-573 size-full\" src=\"https:\/\/www.fundacionlazos.com\/website\/wp-content\/uploads\/2020\/06\/4_0_200_200_RenacerArgentina-768x426.jpg\" alt=\"\" width=\"200\" height=\"200\" srcset=\"https:\/\/www.fundacionlazos.com\/website\/wp-content\/uploads\/2020\/06\/4_0_200_200_RenacerArgentina-768x426.jpg 200w, https:\/\/www.fundacionlazos.com\/website\/wp-content\/uploads\/2020\/06\/RenacerArgentina-150x150.jpg 150w, https:\/\/www.fundacionlazos.com\/website\/wp-content\/uploads\/2020\/06\/RenacerArgentina-48x48.jpg 48w, https:\/\/www.fundacionlazos.com\/website\/wp-content\/uploads\/2020\/06\/RenacerArgentina-300x300.jpg 300w\" sizes=\"(max-width: 200px) 100vw, 200px\" \/><\/a><\/p>\n<p class=\"h3\" style=\"text-transform: uppercase; font-size: 20px;\">Renacer Argentina<\/p>\n<div class=\"row\">\n<div class=\"col-md-12 col-sm-12 col-xs-12\">\n<div class=\"bg-box-1 color4-background-color color-4-text-contrast bg-background-color bg-box\" style=\"padding: 15px 10px; border-top: 10px solid; margin-bottom: 20px;\">\n<p class=\"\" style=\"font-style: italic; font-size: 0.9em; margin: 0px;\">Seg\u00fan V\u00edctor Frankl, el hombre pese a sus condicionamientos f\u00edsicos y psicol\u00f3gicos, es antes que nada, un ser espiritual,<\/p>\n<\/div>\n<\/div>\n<\/div>\n<\/div>\n<div class=\"col-md-3 col-sm-6 col-xs-12 text-center\">\n<p class=\"mod-reset\"><a href=\"https:\/\/renacerba.com.ar\/index.php?action=renacer\" target=\"_blank\" rel=\"noopener noreferrer\"><img loading=\"lazy\" decoding=\"async\" class=\"bg-img bg-img-1 aligncenter wp-image-574 size-full\" src=\"https:\/\/www.fundacionlazos.com\/website\/wp-content\/uploads\/2020\/06\/0_0_200_200_RenacerBuenosAires-768x365.jpg\" alt=\"\" width=\"200\" height=\"200\" srcset=\"https:\/\/www.fundacionlazos.com\/website\/wp-content\/uploads\/2020\/06\/0_0_200_200_RenacerBuenosAires-768x365.jpg 200w, https:\/\/www.fundacionlazos.com\/website\/wp-content\/uploads\/2020\/06\/RenacerBuenosAires-150x150.jpg 150w, https:\/\/www.fundacionlazos.com\/website\/wp-content\/uploads\/2020\/06\/RenacerBuenosAires-48x48.jpg 48w, https:\/\/www.fundacionlazos.com\/website\/wp-content\/uploads\/2020\/06\/RenacerBuenosAires-300x300.jpg 300w\" sizes=\"(max-width: 200px) 100vw, 200px\" \/><\/a><\/p>\n<p class=\"h3\" style=\"text-transform: uppercase; font-size: 18px;\">Renacer buenos aires<\/p>\n<div class=\"row\">\n<div class=\"col-md-12 col-sm-12 col-xs-12\">\n<div class=\"bg-box-1 color4-background-color color-4-text-contrast bg-background-color bg-box\" style=\"padding: 15px 10px; border-top: 10px solid; margin-bottom: 20px;\">\n<p class=\"\" style=\"font-style: italic; font-size: 0.9em; margin: 0px;\">Conocer que&nbsp;<u>la muerte de hijos provoca una crisis existencial del ser de inconmensurable magnitud<\/u>&nbsp;y comprender que&nbsp;<u>el sufrimiento no es una enfermedad<\/u>&nbsp;<\/p>\n<\/div>\n<\/div>\n<\/div>\n<\/div>\n<div class=\"col-md-3 col-sm-6 col-xs-12 text-center\">\n<p class=\"mod-reset\"><a href=\"https:\/\/esrenacer.es\/\" target=\"_blank\" rel=\"noopener noreferrer\"><img loading=\"lazy\" decoding=\"async\" class=\"bg-img bg-img-1 aligncenter wp-image-575 size-full\" src=\"https:\/\/www.fundacionlazos.com\/website\/wp-content\/uploads\/2020\/06\/81_0_200_200_RenacerEspa\u00f1a-768x342.jpg\" alt=\"\" width=\"200\" height=\"200\" srcset=\"https:\/\/www.fundacionlazos.com\/website\/wp-content\/uploads\/2020\/06\/81_0_200_200_RenacerEspa\u00f1a-768x342.jpg 200w, https:\/\/www.fundacionlazos.com\/website\/wp-content\/uploads\/2020\/06\/RenacerEspa\u00f1a-150x150.jpg 150w, https:\/\/www.fundacionlazos.com\/website\/wp-content\/uploads\/2020\/06\/RenacerEspa\u00f1a-48x48.jpg 48w, https:\/\/www.fundacionlazos.com\/website\/wp-content\/uploads\/2020\/06\/RenacerEspa\u00f1a-300x300.jpg 300w\" sizes=\"(max-width: 200px) 100vw, 200px\" \/><\/a><\/p>\n<p class=\"h3\" style=\"text-transform: uppercase; font-size: 19px;\">renacer espa\u00f1a<\/p>\n<div class=\"row\">\n<div class=\"col-md-12 col-sm-12 col-xs-12\">\n<div class=\"bg-box-1 color4-background-color color-4-text-contrast bg-background-color bg-box\" style=\"padding: 15px 10px; border-top: 10px solid; margin-bottom: 20px;\">\n<p><em>Cualquier intromisi\u00f3n en ese mundo confuso y doloroso que vivimos al comienzo, aunque tan s\u00f3lo sea para tendernos una mano, puede producir rechazo.<\/em><\/p>\n<\/div>\n<\/div>\n<\/div>\n<\/div>\n<\/div>\n<\/div>\n<\/div>\n<div class=\"boldgrid-section\">\n<div class=\"container\">\n<div class=\"row\">\n<div class=\"col-md-12 col-xs-12 col-sm-12\"><\/div>\n<\/div>\n<\/div>\n<\/div>\n","protected":false},"excerpt":{"rendered":"<p>Renacer M\u00e9xico Queridos mam\u00e1s y pap\u00e1s La p\u00e9rdida de un hijo es la experiencia m\u00e1s cercana a la propia muerte [&hellip;]<\/p>\n","protected":false},"author":1,"featured_media":0,"parent":0,"menu_order":0,"comment_status":"closed","ping_status":"closed","template":"","meta":{"bgseo_title":"Fundaci\u00f3n Lazos apoya a todos los padres que han perdido sus hijos ","bgseo_description":"La Fundaci\u00f3n Lazos es conformada por los distintos padres en Colombia que han experimentado uno de los dolores indescriptibles que puede suceder en el ser humano, como lo es la perdida de un hijo o hija, brinda apoyo afectivo y orientaci\u00f3n a padres y madres a trav\u00e9s de grupos de ayuda mutua","bgseo_robots_index":"index","bgseo_robots_follow":"follow","om_disable_all_campaigns":false,"footnotes":""},"_links":{"self":[{"href":"https:\/\/www.fundacionlazos.com\/website\/wp-json\/wp\/v2\/pages\/489"}],"collection":[{"href":"https:\/\/www.fundacionlazos.com\/website\/wp-json\/wp\/v2\/pages"}],"about":[{"href":"https:\/\/www.fundacionlazos.com\/website\/wp-json\/wp\/v2\/types\/page"}],"author":[{"embeddable":true,"href":"https:\/\/www.fundacionlazos.com\/website\/wp-json\/wp\/v2\/users\/1"}],"replies":[{"embeddable":true,"href":"https:\/\/www.fundacionlazos.com\/website\/wp-json\/wp\/v2\/comments?post=489"}],"version-history":[{"count":4,"href":"https:\/\/www.fundacionlazos.com\/website\/wp-json\/wp\/v2\/pages\/489\/revisions"}],"predecessor-version":[{"id":830,"href":"https:\/\/www.fundacionlazos.com\/website\/wp-json\/wp\/v2\/pages\/489\/revisions\/830"}],"wp:attachment":[{"href":"https:\/\/www.fundacionlazos.com\/website\/wp-json\/wp\/v2\/media?parent=489"}],"curies":[{"name":"wp","href":"https:\/\/api.w.org\/{rel}","templated":true}]}}